{"id":5386,"date":"2025-04-16T15:09:03","date_gmt":"2025-04-16T13:09:03","guid":{"rendered":"https:\/\/ocelove-rury.sk\/office-space\/"},"modified":"2025-05-13T21:30:10","modified_gmt":"2025-05-13T19:30:10","slug":"office-space","status":"publish","type":"page","link":"https:\/\/ocelove-rury.sk\/en\/gallery\/office-space\/","title":{"rendered":"Office space"},"content":{"rendered":"\t\t<div data-elementor-type=\"wp-page\" data-elementor-id=\"5386\" class=\"elementor elementor-5386\" data-elementor-post-type=\"page\">\n\t\t\t\t<div class=\"elementor-element elementor-element-c54d69c e-flex e-con-boxed e-con e-parent\" data-id=\"c54d69c\" data-element_type=\"container\" data-settings=\"{&quot;background_background&quot;:&quot;classic&quot;}\">\n\t\t\t\t\t<div class=\"e-con-inner\">\n\t\t<div class=\"elementor-element elementor-element-e4fbceb e-con-full e-flex e-con e-child\" data-id=\"e4fbceb\" data-element_type=\"container\">\n\t\t<div class=\"elementor-element elementor-element-455f787 e-con-full e-flex e-con e-child\" data-id=\"455f787\" data-element_type=\"container\">\n\t\t\t\t<div class=\"elementor-element elementor-element-3cd223c elementor-widget elementor-widget-text-editor\" data-id=\"3cd223c\" data-element_type=\"widget\" data-widget_type=\"text-editor.default\">\n\t\t\t\t<div class=\"elementor-widget-container\">\n\t\t\t\t\t\t\t\t\t<p><span style=\"color: #39cee9;\">Home<\/span>\u00a0 \u00a0 \u00a0<a href=\"https:\/\/ocelove-rury.sk\/galeria\/\">Gallery<\/a>\u00a0 \u00a0 Office space<\/p>\t\t\t\t\t\t\t\t<\/div>\n\t\t\t\t<\/div>\n\t\t\t\t<\/div>\n\t\t\t\t<\/div>\n\t\t\t\t\t<\/div>\n\t\t\t\t<\/div>\n\t\t<div class=\"elementor-element elementor-element-ae7111b e-flex e-con-boxed e-con e-parent\" data-id=\"ae7111b\" data-element_type=\"container\" data-settings=\"{&quot;background_background&quot;:&quot;classic&quot;}\">\n\t\t\t\t\t<div class=\"e-con-inner\">\n\t\t<div class=\"elementor-element elementor-element-6089189 e-con-full e-flex e-con e-child\" data-id=\"6089189\" data-element_type=\"container\">\n\t\t\t\t<div class=\"elementor-element elementor-element-c833440 elementor-widget elementor-widget-gallery\" data-id=\"c833440\" data-element_type=\"widget\" data-settings=\"{&quot;gallery_layout&quot;:&quot;masonry&quot;,&quot;gap&quot;:{&quot;unit&quot;:&quot;px&quot;,&quot;size&quot;:30,&quot;sizes&quot;:[]},&quot;gap_tablet&quot;:{&quot;unit&quot;:&quot;px&quot;,&quot;size&quot;:30,&quot;sizes&quot;:[]},&quot;gap_mobile&quot;:{&quot;unit&quot;:&quot;px&quot;,&quot;size&quot;:30,&quot;sizes&quot;:[]},&quot;overlay_title&quot;:&quot;caption&quot;,&quot;overlay_description&quot;:&quot;title&quot;,&quot;lazyload&quot;:&quot;yes&quot;,&quot;columns&quot;:4,&quot;columns_tablet&quot;:2,&quot;columns_mobile&quot;:1,&quot;link_to&quot;:&quot;file&quot;,&quot;content_hover_animation&quot;:&quot;fade-in&quot;}\" --hgap=\"\" data-widget_type=\"gallery.default\">\n\t\t\t\t<div class=\"elementor-widget-container\">\n\t\t\t\t\t\t\t<div class=\"elementor-gallery__container\">\n\t\t\t\t\t\t\t<a class=\"e-gallery-item elementor-gallery-item elementor-animated-content\" href=\"https:\/\/ocelove-rury.sk\/wp-content\/uploads\/2025\/04\/image.jpg\" data-elementor-open-lightbox=\"yes\" data-elementor-lightbox-slideshow=\"c833440\" data-elementor-lightbox-title=\"Office space\" data-elementor-lightbox-description=\"Kancel\u00e1rske priestory\" data-e-action-hash=\"#elementor-action%3Aaction%3Dlightbox%26settings%3DeyJpZCI6NTI3NywidXJsIjoiaHR0cHM6XC9cL29jZWxvdmUtcnVyeS5za1wvd3AtY29udGVudFwvdXBsb2Fkc1wvMjAyNVwvMDRcL2ltYWdlLmpwZyIsInNsaWRlc2hvdyI6ImM4MzM0NDAifQ%3D%3D\">\n\t\t\t\t\t<div class=\"e-gallery-image elementor-gallery-item__image\" data-thumbnail=\"https:\/\/ocelove-rury.sk\/wp-content\/uploads\/2025\/04\/image.jpg\" data-width=\"480\" data-height=\"400\" aria-label=\"Prima Steel sklad\" role=\"img\" ><\/div>\n\t\t\t\t\t\t\t\t\t\t\t\t\t\t\t<div class=\"elementor-gallery-item__content\">\n\t\t\t\t\t\t\t\t\t\t\t\t\t\t<div class=\"elementor-gallery-item__title\">\n\t\t\t\t\t\t\t\t\t\t\t\t\t\t\t\t\t\tKancel\u00e1rske priestory\t\t\t\t\t\t\t\t<\/div>\n\t\t\t\t\t\t\t\t\t\t\t\t\t\t\t<div class=\"elementor-gallery-item__description\">\n\t\t\t\t\t\t\t\t\t\t\t\t\t\t\t\t\t\tOffice space\t\t\t\t\t\t\t\t<\/div>\n\t\t\t\t\t\t\t\t\t\t\t\t<\/div>\n\t\t\t\t\t\t\t\t\t<\/a>\n\t\t\t\t\t\t\t<a class=\"e-gallery-item elementor-gallery-item elementor-animated-content\" href=\"https:\/\/ocelove-rury.sk\/wp-content\/uploads\/2025\/04\/image-7.jpg\" data-elementor-open-lightbox=\"yes\" data-elementor-lightbox-slideshow=\"c833440\" data-elementor-lightbox-title=\"Office space\" data-elementor-lightbox-description=\"Kancel\u00e1rske priestory\" data-e-action-hash=\"#elementor-action%3Aaction%3Dlightbox%26settings%3DeyJpZCI6NTI4NSwidXJsIjoiaHR0cHM6XC9cL29jZWxvdmUtcnVyeS5za1wvd3AtY29udGVudFwvdXBsb2Fkc1wvMjAyNVwvMDRcL2ltYWdlLTcuanBnIiwic2xpZGVzaG93IjoiYzgzMzQ0MCJ9\">\n\t\t\t\t\t<div class=\"e-gallery-image elementor-gallery-item__image\" data-thumbnail=\"https:\/\/ocelove-rury.sk\/wp-content\/uploads\/2025\/04\/image-7.jpg\" data-width=\"480\" data-height=\"400\" aria-label=\"Kancel\u00e1rske priestory\" role=\"img\" ><\/div>\n\t\t\t\t\t\t\t\t\t\t\t\t\t\t\t<div class=\"elementor-gallery-item__content\">\n\t\t\t\t\t\t\t\t\t\t\t\t\t\t<div class=\"elementor-gallery-item__title\">\n\t\t\t\t\t\t\t\t\t\t\t\t\t\t\t\t\t\tKancel\u00e1rske priestory\t\t\t\t\t\t\t\t<\/div>\n\t\t\t\t\t\t\t\t\t\t\t\t\t\t\t<div class=\"elementor-gallery-item__description\">\n\t\t\t\t\t\t\t\t\t\t\t\t\t\t\t\t\t\tOffice space\t\t\t\t\t\t\t\t<\/div>\n\t\t\t\t\t\t\t\t\t\t\t\t<\/div>\n\t\t\t\t\t\t\t\t\t<\/a>\n\t\t\t\t\t<\/div>\n\t\t\t\t\t<\/div>\n\t\t\t\t<\/div>\n\t\t\t\t<\/div>\n\t\t\t\t\t<\/div>\n\t\t\t\t<\/div>\n\t\t<div class=\"elementor-element elementor-element-b2a7a45 e-flex e-con-boxed e-con e-parent\" data-id=\"b2a7a45\" data-element_type=\"container\">\n\t\t\t\t\t<div class=\"e-con-inner\">\n\t\t\t\t<div class=\"elementor-element elementor-element-70e06c9 elementor-widget elementor-widget-heading\" data-id=\"70e06c9\" data-element_type=\"widget\" data-widget_type=\"heading.default\">\n\t\t\t\t<div class=\"elementor-widget-container\">\n\t\t\t\t\t<h2 class=\"elementor-heading-title elementor-size-default\">WHY CHOOSE US?<\/h2>\t\t\t\t<\/div>\n\t\t\t\t<\/div>\n\t\t<div class=\"elementor-element elementor-element-2bfa35d e-grid e-con-full e-con e-child\" data-id=\"2bfa35d\" data-element_type=\"container\">\n\t\t<div class=\"elementor-element elementor-element-ad5743e e-con-full e-flex e-con e-child\" data-id=\"ad5743e\" data-element_type=\"container\">\n\t\t\t\t<div class=\"elementor-element elementor-element-d83326b elementor-widget elementor-widget-image\" data-id=\"d83326b\" data-element_type=\"widget\" data-widget_type=\"image.default\">\n\t\t\t\t<div class=\"elementor-widget-container\">\n\t\t\t\t\t\t\t\t\t\t\t\t\t\t\t<img decoding=\"async\" width=\"70\" height=\"70\" src=\"https:\/\/ocelove-rury.sk\/wp-content\/uploads\/2025\/04\/image-6.png\" class=\"attachment-large size-large wp-image-248\" alt=\"delivery\" \/>\t\t\t\t\t\t\t\t\t\t\t\t\t\t\t<\/div>\n\t\t\t\t<\/div>\n\t\t\t\t<div class=\"elementor-element elementor-element-2c5c2ab elementor-widget elementor-widget-text-editor\" data-id=\"2c5c2ab\" data-element_type=\"widget\" data-widget_type=\"text-editor.default\">\n\t\t\t\t<div class=\"elementor-widget-container\">\n\t\t\t\t\t\t\t\t\t<p>In addition to direct sales, we offer a range of additional services, including shipment to another place of destination within Slovak Republic, professional and technical advisory service, distribution of goods and an individual approach.<\/p>\t\t\t\t\t\t\t\t<\/div>\n\t\t\t\t<\/div>\n\t\t\t\t<\/div>\n\t\t<div class=\"elementor-element elementor-element-76d0190 e-con-full e-flex e-con e-child\" data-id=\"76d0190\" data-element_type=\"container\">\n\t\t\t\t<div class=\"elementor-element elementor-element-029c3cb elementor-widget elementor-widget-image\" data-id=\"029c3cb\" data-element_type=\"widget\" data-widget_type=\"image.default\">\n\t\t\t\t<div class=\"elementor-widget-container\">\n\t\t\t\t\t\t\t\t\t\t\t\t\t\t\t<img decoding=\"async\" width=\"70\" height=\"70\" src=\"https:\/\/ocelove-rury.sk\/wp-content\/uploads\/2025\/04\/image-7.png\" class=\"attachment-large size-large wp-image-247\" alt=\"check\" \/>\t\t\t\t\t\t\t\t\t\t\t\t\t\t\t<\/div>\n\t\t\t\t<\/div>\n\t\t\t\t<div class=\"elementor-element elementor-element-bd7b319 elementor-widget elementor-widget-text-editor\" data-id=\"bd7b319\" data-element_type=\"widget\" data-widget_type=\"text-editor.default\">\n\t\t\t\t<div class=\"elementor-widget-container\">\n\t\t\t\t\t\t\t\t\t<p>Goods are received to the warehouse through the input check of warehouse workers and marked and stored for output towards the customers.<\/p>\t\t\t\t\t\t\t\t<\/div>\n\t\t\t\t<\/div>\n\t\t\t\t<\/div>\n\t\t<div class=\"elementor-element elementor-element-202e873 e-con-full e-flex e-con e-child\" data-id=\"202e873\" data-element_type=\"container\">\n\t\t\t\t<div class=\"elementor-element elementor-element-e83ad0e elementor-widget elementor-widget-image\" data-id=\"e83ad0e\" data-element_type=\"widget\" data-widget_type=\"image.default\">\n\t\t\t\t<div class=\"elementor-widget-container\">\n\t\t\t\t\t\t\t\t\t\t\t\t\t\t\t<img decoding=\"async\" width=\"70\" height=\"70\" src=\"https:\/\/ocelove-rury.sk\/wp-content\/uploads\/2025\/04\/image-8.png\" class=\"attachment-large size-large wp-image-246\" alt=\"en iso\" \/>\t\t\t\t\t\t\t\t\t\t\t\t\t\t\t<\/div>\n\t\t\t\t<\/div>\n\t\t\t\t<div class=\"elementor-element elementor-element-0d3c2d8 elementor-widget elementor-widget-text-editor\" data-id=\"0d3c2d8\" data-element_type=\"widget\" data-widget_type=\"text-editor.default\">\n\t\t\t\t<div class=\"elementor-widget-container\">\n\t\t\t\t\t\t\t\t\t<div class=\"row\"><div class=\"col-md-4\">We work under ISO 9001: 2009 quality management system, which proves a high level of organization of internal relations within the company that are essential to meet the needs of our customers.<\/div><\/div>\t\t\t\t\t\t\t\t<\/div>\n\t\t\t\t<\/div>\n\t\t\t\t<\/div>\n\t\t\t\t<\/div>\n\t\t\t\t\t<\/div>\n\t\t\t\t<\/div>\n\t\t<div class=\"elementor-element elementor-element-28423beb e-flex e-con-boxed e-con e-parent\" data-id=\"28423beb\" data-element_type=\"container\">\n\t\t\t\t\t<div class=\"e-con-inner\">\n\t\t<a class=\"elementor-element elementor-element-349cb669 e-con-full e-flex e-con e-child\" data-id=\"349cb669\" data-element_type=\"container\" data-settings=\"{&quot;background_background&quot;:&quot;classic&quot;}\" href=\"#top\">\n\t\t\t\t<\/a>\n\t\t\t\t<div class=\"elementor-element elementor-element-35f6fb69 elementor-widget elementor-widget-text-editor\" data-id=\"35f6fb69\" data-element_type=\"widget\" data-widget_type=\"text-editor.default\">\n\t\t\t\t<div class=\"elementor-widget-container\">\n\t\t\t\t\t\t\t\t\t<p>Address of shop floor and warehouse: Vodn\u00e9 dielo Kr\u00e1\u013eov\u00e1 622, Kr\u00e1\u013eov\u00e1 n. V\u00e1hom | Tel.: 031 \/ 780 2241 | email: <a href=\"mailto:office@primasteel.sk\">office@primasteel.sk<\/a><\/p>\t\t\t\t\t\t\t\t<\/div>\n\t\t\t\t<\/div>\n\t\t\t\t<div class=\"elementor-element elementor-element-fd509f2 elementor-widget-divider--view-line elementor-widget elementor-widget-divider\" data-id=\"fd509f2\" data-element_type=\"widget\" data-widget_type=\"divider.default\">\n\t\t\t\t<div class=\"elementor-widget-container\">\n\t\t\t\t\t\t\t<div class=\"elementor-divider\">\n\t\t\t<span class=\"elementor-divider-separator\">\n\t\t\t\t\t\t<\/span>\n\t\t<\/div>\n\t\t\t\t\t\t<\/div>\n\t\t\t\t<\/div>\n\t\t\t\t<div class=\"elementor-element elementor-element-3ec0c56b elementor-widget elementor-widget-text-editor\" data-id=\"3ec0c56b\" data-element_type=\"widget\" data-widget_type=\"text-editor.default\">\n\t\t\t\t<div class=\"elementor-widget-container\">\n\t\t\t\t\t\t\t\t\t<p>Designed and Development <a href=\"http:\/\/magicmedia.sk\/\">Magic media<\/a> 2025<\/p>\t\t\t\t\t\t\t\t<\/div>\n\t\t\t\t<\/div>\n\t\t<div class=\"elementor-element elementor-element-14a285f3 e-con-full e-flex e-con e-child\" data-id=\"14a285f3\" data-element_type=\"container\">\n\t\t\t\t<div class=\"elementor-element elementor-element-2b6d2b0c elementor-widget elementor-widget-image\" data-id=\"2b6d2b0c\" data-element_type=\"widget\" data-widget_type=\"image.default\">\n\t\t\t\t<div class=\"elementor-widget-container\">\n\t\t\t\t\t\t\t\t\t\t\t\t\t\t\t\t<a href=\"https:\/\/www.facebook.com\/Primasteel-623807174404657\/\" target=\"_blank\">\n\t\t\t\t\t\t\t<img loading=\"lazy\" decoding=\"async\" width=\"512\" height=\"512\" src=\"https:\/\/ocelove-rury.sk\/wp-content\/uploads\/2025\/04\/facebook-01.svg\" class=\"attachment-full size-full wp-image-4491\" alt=\"Prima Steel, s.r.o. - Facebook\" \/>\t\t\t\t\t\t\t\t<\/a>\n\t\t\t\t\t\t\t\t\t\t\t\t\t\t\t<\/div>\n\t\t\t\t<\/div>\n\t\t\t\t<div class=\"elementor-element elementor-element-45900804 elementor-widget elementor-widget-image\" data-id=\"45900804\" data-element_type=\"widget\" data-widget_type=\"image.default\">\n\t\t\t\t<div class=\"elementor-widget-container\">\n\t\t\t\t\t\t\t\t\t\t\t\t\t\t\t\t<a href=\"https:\/\/ocelove-rury.sk\/\" target=\"_blank\">\n\t\t\t\t\t\t\t<img loading=\"lazy\" decoding=\"async\" width=\"512\" height=\"512\" src=\"https:\/\/ocelove-rury.sk\/wp-content\/uploads\/2025\/04\/linkedin-01.svg\" class=\"attachment-full size-full wp-image-4489\" alt=\"Prima Steel, s.r.o. - LinkedIn\" \/>\t\t\t\t\t\t\t\t<\/a>\n\t\t\t\t\t\t\t\t\t\t\t\t\t\t\t<\/div>\n\t\t\t\t<\/div>\n\t\t\t\t<\/div>\n\t\t\t\t\t<\/div>\n\t\t\t\t<\/div>\n\t\t\t\t<\/div>\n\t\t","protected":false},"excerpt":{"rendered":"<p>Home Gallery Office space Office Office 2 WHY CHOOSE US? In addition to direct sales, we offer a range of additional services, including shipment to another place of destination within Slovak Republic, professional and technical advisory service, distribution of goods and an individual approach. Goods are received to the warehouse through the input check of [&hellip;]<\/p>\n","protected":false},"author":2,"featured_media":0,"parent":5384,"menu_order":0,"comment_status":"closed","ping_status":"closed","template":"","meta":{"footnotes":""},"class_list":["post-5386","page","type-page","status-publish","hentry"],"yoast_head":"<!-- This site is optimized with the Yoast SEO plugin v27.5 - https:\/\/yoast.com\/product\/yoast-seo-wordpress\/ -->\n<title>Office space - PRIMA STEEL - oce\u013eov\u00e9 r\u00fary a pr\u00edslu\u0161enstvo<\/title>\n<meta name=\"robots\" content=\"index, follow, max-snippet:-1, max-image-preview:large, max-video-preview:-1\" \/>\n<link rel=\"canonical\" href=\"https:\/\/ocelove-rury.sk\/en\/gallery\/office-space\/\" \/>\n<meta property=\"og:locale\" content=\"en_US\" \/>\n<meta property=\"og:type\" content=\"article\" \/>\n<meta property=\"og:title\" content=\"Office space - PRIMA STEEL - oce\u013eov\u00e9 r\u00fary a pr\u00edslu\u0161enstvo\" \/>\n<meta property=\"og:description\" content=\"Home Gallery Office space Office Office 2 WHY CHOOSE US? In addition to direct sales, we offer a range of additional services, including shipment to another place of destination within Slovak Republic, professional and technical advisory service, distribution of goods and an individual approach. Goods are received to the warehouse through the input check of [&hellip;]\" \/>\n<meta property=\"og:url\" content=\"https:\/\/ocelove-rury.sk\/en\/gallery\/office-space\/\" \/>\n<meta property=\"og:site_name\" content=\"PRIMA STEEL - oce\u013eov\u00e9 r\u00fary a pr\u00edslu\u0161enstvo\" \/>\n<meta property=\"article:modified_time\" content=\"2025-05-13T19:30:10+00:00\" \/>\n<meta property=\"og:image\" content=\"https:\/\/ocelove-rury.sk\/wp-content\/uploads\/2025\/04\/image-6.png\" \/>\n<meta name=\"twitter:card\" content=\"summary_large_image\" \/>\n<script type=\"application\/ld+json\" class=\"yoast-schema-graph\">{\"@context\":\"https:\\\/\\\/schema.org\",\"@graph\":[{\"@type\":\"WebPage\",\"@id\":\"https:\\\/\\\/ocelove-rury.sk\\\/en\\\/gallery\\\/office-space\\\/\",\"url\":\"https:\\\/\\\/ocelove-rury.sk\\\/en\\\/gallery\\\/office-space\\\/\",\"name\":\"Office space - PRIMA STEEL - oce\u013eov\u00e9 r\u00fary a pr\u00edslu\u0161enstvo\",\"isPartOf\":{\"@id\":\"https:\\\/\\\/ocelove-rury.sk\\\/#website\"},\"primaryImageOfPage\":{\"@id\":\"https:\\\/\\\/ocelove-rury.sk\\\/en\\\/gallery\\\/office-space\\\/#primaryimage\"},\"image\":{\"@id\":\"https:\\\/\\\/ocelove-rury.sk\\\/en\\\/gallery\\\/office-space\\\/#primaryimage\"},\"thumbnailUrl\":\"https:\\\/\\\/ocelove-rury.sk\\\/wp-content\\\/uploads\\\/2025\\\/04\\\/image-6.png\",\"datePublished\":\"2025-04-16T13:09:03+00:00\",\"dateModified\":\"2025-05-13T19:30:10+00:00\",\"breadcrumb\":{\"@id\":\"https:\\\/\\\/ocelove-rury.sk\\\/en\\\/gallery\\\/office-space\\\/#breadcrumb\"},\"inLanguage\":\"en-US\",\"potentialAction\":[{\"@type\":\"ReadAction\",\"target\":[\"https:\\\/\\\/ocelove-rury.sk\\\/en\\\/gallery\\\/office-space\\\/\"]}]},{\"@type\":\"ImageObject\",\"inLanguage\":\"en-US\",\"@id\":\"https:\\\/\\\/ocelove-rury.sk\\\/en\\\/gallery\\\/office-space\\\/#primaryimage\",\"url\":\"https:\\\/\\\/ocelove-rury.sk\\\/wp-content\\\/uploads\\\/2025\\\/04\\\/image-6.png\",\"contentUrl\":\"https:\\\/\\\/ocelove-rury.sk\\\/wp-content\\\/uploads\\\/2025\\\/04\\\/image-6.png\"},{\"@type\":\"BreadcrumbList\",\"@id\":\"https:\\\/\\\/ocelove-rury.sk\\\/en\\\/gallery\\\/office-space\\\/#breadcrumb\",\"itemListElement\":[{\"@type\":\"ListItem\",\"position\":1,\"name\":\"Domovsk\u00e1 str\u00e1nka\",\"item\":\"https:\\\/\\\/ocelove-rury.sk\\\/en\\\/\"},{\"@type\":\"ListItem\",\"position\":2,\"name\":\"Gallery\",\"item\":\"https:\\\/\\\/ocelove-rury.sk\\\/en\\\/gallery\\\/\"},{\"@type\":\"ListItem\",\"position\":3,\"name\":\"Office space\"}]},{\"@type\":\"WebSite\",\"@id\":\"https:\\\/\\\/ocelove-rury.sk\\\/#website\",\"url\":\"https:\\\/\\\/ocelove-rury.sk\\\/\",\"name\":\"Prima Steel - oce\u013eov\u00e9 r\u00fary a pr\u00edslu\u0161enstvo\",\"description\":\"Oce\u013eov\u00e9 r\u00fary a pr\u00edslu\u0161enstvo\",\"publisher\":{\"@id\":\"https:\\\/\\\/ocelove-rury.sk\\\/#organization\"},\"alternateName\":\"Prima Steel, s.r.o.\",\"potentialAction\":[{\"@type\":\"SearchAction\",\"target\":{\"@type\":\"EntryPoint\",\"urlTemplate\":\"https:\\\/\\\/ocelove-rury.sk\\\/?s={search_term_string}\"},\"query-input\":{\"@type\":\"PropertyValueSpecification\",\"valueRequired\":true,\"valueName\":\"search_term_string\"}}],\"inLanguage\":\"en-US\"},{\"@type\":\"Organization\",\"@id\":\"https:\\\/\\\/ocelove-rury.sk\\\/#organization\",\"name\":\"PRIMA STEEL s.r.o.\",\"url\":\"https:\\\/\\\/ocelove-rury.sk\\\/\",\"logo\":{\"@type\":\"ImageObject\",\"inLanguage\":\"en-US\",\"@id\":\"https:\\\/\\\/ocelove-rury.sk\\\/#\\\/schema\\\/logo\\\/image\\\/\",\"url\":\"https:\\\/\\\/ocelove-rury.sk\\\/wp-content\\\/uploads\\\/2025\\\/06\\\/Prima_Steel_logo_-scaled.png\",\"contentUrl\":\"https:\\\/\\\/ocelove-rury.sk\\\/wp-content\\\/uploads\\\/2025\\\/06\\\/Prima_Steel_logo_-scaled.png\",\"width\":2560,\"height\":2560,\"caption\":\"PRIMA STEEL s.r.o.\"},\"image\":{\"@id\":\"https:\\\/\\\/ocelove-rury.sk\\\/#\\\/schema\\\/logo\\\/image\\\/\"}}]}<\/script>\n<!-- \/ Yoast SEO plugin. -->","yoast_head_json":{"title":"Office space - PRIMA STEEL - oce\u013eov\u00e9 r\u00fary a pr\u00edslu\u0161enstvo","robots":{"index":"index","follow":"follow","max-snippet":"max-snippet:-1","max-image-preview":"max-image-preview:large","max-video-preview":"max-video-preview:-1"},"canonical":"https:\/\/ocelove-rury.sk\/en\/gallery\/office-space\/","og_locale":"en_US","og_type":"article","og_title":"Office space - PRIMA STEEL - oce\u013eov\u00e9 r\u00fary a pr\u00edslu\u0161enstvo","og_description":"Home Gallery Office space Office Office 2 WHY CHOOSE US? In addition to direct sales, we offer a range of additional services, including shipment to another place of destination within Slovak Republic, professional and technical advisory service, distribution of goods and an individual approach. Goods are received to the warehouse through the input check of [&hellip;]","og_url":"https:\/\/ocelove-rury.sk\/en\/gallery\/office-space\/","og_site_name":"PRIMA STEEL - oce\u013eov\u00e9 r\u00fary a pr\u00edslu\u0161enstvo","article_modified_time":"2025-05-13T19:30:10+00:00","og_image":[{"url":"https:\/\/ocelove-rury.sk\/wp-content\/uploads\/2025\/04\/image-6.png","type":"","width":"","height":""}],"twitter_card":"summary_large_image","schema":{"@context":"https:\/\/schema.org","@graph":[{"@type":"WebPage","@id":"https:\/\/ocelove-rury.sk\/en\/gallery\/office-space\/","url":"https:\/\/ocelove-rury.sk\/en\/gallery\/office-space\/","name":"Office space - PRIMA STEEL - oce\u013eov\u00e9 r\u00fary a pr\u00edslu\u0161enstvo","isPartOf":{"@id":"https:\/\/ocelove-rury.sk\/#website"},"primaryImageOfPage":{"@id":"https:\/\/ocelove-rury.sk\/en\/gallery\/office-space\/#primaryimage"},"image":{"@id":"https:\/\/ocelove-rury.sk\/en\/gallery\/office-space\/#primaryimage"},"thumbnailUrl":"https:\/\/ocelove-rury.sk\/wp-content\/uploads\/2025\/04\/image-6.png","datePublished":"2025-04-16T13:09:03+00:00","dateModified":"2025-05-13T19:30:10+00:00","breadcrumb":{"@id":"https:\/\/ocelove-rury.sk\/en\/gallery\/office-space\/#breadcrumb"},"inLanguage":"en-US","potentialAction":[{"@type":"ReadAction","target":["https:\/\/ocelove-rury.sk\/en\/gallery\/office-space\/"]}]},{"@type":"ImageObject","inLanguage":"en-US","@id":"https:\/\/ocelove-rury.sk\/en\/gallery\/office-space\/#primaryimage","url":"https:\/\/ocelove-rury.sk\/wp-content\/uploads\/2025\/04\/image-6.png","contentUrl":"https:\/\/ocelove-rury.sk\/wp-content\/uploads\/2025\/04\/image-6.png"},{"@type":"BreadcrumbList","@id":"https:\/\/ocelove-rury.sk\/en\/gallery\/office-space\/#breadcrumb","itemListElement":[{"@type":"ListItem","position":1,"name":"Domovsk\u00e1 str\u00e1nka","item":"https:\/\/ocelove-rury.sk\/en\/"},{"@type":"ListItem","position":2,"name":"Gallery","item":"https:\/\/ocelove-rury.sk\/en\/gallery\/"},{"@type":"ListItem","position":3,"name":"Office space"}]},{"@type":"WebSite","@id":"https:\/\/ocelove-rury.sk\/#website","url":"https:\/\/ocelove-rury.sk\/","name":"Prima Steel - oce\u013eov\u00e9 r\u00fary a pr\u00edslu\u0161enstvo","description":"Oce\u013eov\u00e9 r\u00fary a pr\u00edslu\u0161enstvo","publisher":{"@id":"https:\/\/ocelove-rury.sk\/#organization"},"alternateName":"Prima Steel, s.r.o.","potentialAction":[{"@type":"SearchAction","target":{"@type":"EntryPoint","urlTemplate":"https:\/\/ocelove-rury.sk\/?s={search_term_string}"},"query-input":{"@type":"PropertyValueSpecification","valueRequired":true,"valueName":"search_term_string"}}],"inLanguage":"en-US"},{"@type":"Organization","@id":"https:\/\/ocelove-rury.sk\/#organization","name":"PRIMA STEEL s.r.o.","url":"https:\/\/ocelove-rury.sk\/","logo":{"@type":"ImageObject","inLanguage":"en-US","@id":"https:\/\/ocelove-rury.sk\/#\/schema\/logo\/image\/","url":"https:\/\/ocelove-rury.sk\/wp-content\/uploads\/2025\/06\/Prima_Steel_logo_-scaled.png","contentUrl":"https:\/\/ocelove-rury.sk\/wp-content\/uploads\/2025\/06\/Prima_Steel_logo_-scaled.png","width":2560,"height":2560,"caption":"PRIMA STEEL s.r.o."},"image":{"@id":"https:\/\/ocelove-rury.sk\/#\/schema\/logo\/image\/"}}]}},"_links":{"self":[{"href":"https:\/\/ocelove-rury.sk\/en\/wp-json\/wp\/v2\/pages\/5386","targetHints":{"allow":["GET"]}}],"collection":[{"href":"https:\/\/ocelove-rury.sk\/en\/wp-json\/wp\/v2\/pages"}],"about":[{"href":"https:\/\/ocelove-rury.sk\/en\/wp-json\/wp\/v2\/types\/page"}],"author":[{"embeddable":true,"href":"https:\/\/ocelove-rury.sk\/en\/wp-json\/wp\/v2\/users\/2"}],"replies":[{"embeddable":true,"href":"https:\/\/ocelove-rury.sk\/en\/wp-json\/wp\/v2\/comments?post=5386"}],"version-history":[{"count":5,"href":"https:\/\/ocelove-rury.sk\/en\/wp-json\/wp\/v2\/pages\/5386\/revisions"}],"predecessor-version":[{"id":6072,"href":"https:\/\/ocelove-rury.sk\/en\/wp-json\/wp\/v2\/pages\/5386\/revisions\/6072"}],"up":[{"embeddable":true,"href":"https:\/\/ocelove-rury.sk\/en\/wp-json\/wp\/v2\/pages\/5384"}],"wp:attachment":[{"href":"https:\/\/ocelove-rury.sk\/en\/wp-json\/wp\/v2\/media?parent=5386"}],"curies":[{"name":"wp","href":"https:\/\/api.w.org\/{rel}","templated":true}]}}