{"id":5366,"date":"2025-04-15T14:17:33","date_gmt":"2025-04-15T12:17:33","guid":{"rendered":"https:\/\/ocelove-rury.sk\/certificates\/"},"modified":"2025-05-06T20:56:29","modified_gmt":"2025-05-06T18:56:29","slug":"certificates","status":"publish","type":"page","link":"https:\/\/ocelove-rury.sk\/en\/certificates\/","title":{"rendered":"Certificates"},"content":{"rendered":"\t\t<div data-elementor-type=\"wp-page\" data-elementor-id=\"5366\" class=\"elementor elementor-5366\" data-elementor-post-type=\"page\">\n\t\t\t\t<div class=\"elementor-element elementor-element-2fd810d e-flex e-con-boxed e-con e-parent\" data-id=\"2fd810d\" data-element_type=\"container\" data-settings=\"{&quot;background_background&quot;:&quot;classic&quot;}\">\n\t\t\t\t\t<div class=\"e-con-inner\">\n\t\t<div class=\"elementor-element elementor-element-006c210 e-con-full e-flex e-con e-child\" data-id=\"006c210\" data-element_type=\"container\">\n\t\t<div class=\"elementor-element elementor-element-db84d32 e-con-full e-flex e-con e-child\" data-id=\"db84d32\" data-element_type=\"container\">\n\t\t\t\t<div class=\"elementor-element elementor-element-3442574 elementor-widget elementor-widget-text-editor\" data-id=\"3442574\" data-element_type=\"widget\" data-widget_type=\"text-editor.default\">\n\t\t\t\t<div class=\"elementor-widget-container\">\n\t\t\t\t\t\t\t\t\t<p><span style=\"color: #39cee9;\">Home<\/span>\u00a0 Certificates<\/p>\t\t\t\t\t\t\t\t<\/div>\n\t\t\t\t<\/div>\n\t\t\t\t<\/div>\n\t\t\t\t<\/div>\n\t\t\t\t\t<\/div>\n\t\t\t\t<\/div>\n\t\t<div class=\"elementor-element elementor-element-b18bb2d e-flex e-con-boxed e-con e-parent\" data-id=\"b18bb2d\" data-element_type=\"container\" data-settings=\"{&quot;background_background&quot;:&quot;classic&quot;}\">\n\t\t\t\t\t<div class=\"e-con-inner\">\n\t\t<div class=\"elementor-element elementor-element-fd686c8 e-con-full e-flex e-con e-child\" data-id=\"fd686c8\" data-element_type=\"container\">\n\t\t\t\t<div class=\"elementor-element elementor-element-d8548e9 elementor-widget elementor-widget-text-editor\" data-id=\"d8548e9\" data-element_type=\"widget\" data-widget_type=\"text-editor.default\">\n\t\t\t\t<div class=\"elementor-widget-container\">\n\t\t\t\t\t\t\t\t\t<div class=\"col-md-12 col-xs-12\">We work under ISO 9001: 2009 quality management system, which proves a high level of organization of internal relations within the company that are essential to meet the needs of our customers. Goods are received to the warehouse through the input check of warehouse workers and are marked and stored for output towards the customers. Goods with inspection certificates 3.1, according to EN 10204, are dispatched to end customers, archived in electronic as well as physical form, thus we are able to deliver certificates on demand again even after a longer time period.<\/div>\t\t\t\t\t\t\t\t<\/div>\n\t\t\t\t<\/div>\n\t\t<div class=\"elementor-element elementor-element-35f1492 e-grid e-con-full e-con e-child\" data-id=\"35f1492\" data-element_type=\"container\">\n\t\t\t\t<div class=\"elementor-element elementor-element-6de4bb5 elementor-widget elementor-widget-image\" data-id=\"6de4bb5\" data-element_type=\"widget\" data-widget_type=\"image.default\">\n\t\t\t\t<div class=\"elementor-widget-container\">\n\t\t\t\t\t\t\t\t\t\t\t\t\t\t\t\t<a href=\"https:\/\/ocelove-rury.sk\/wp-content\/uploads\/2025\/04\/SK-ISO-2027_CERTIFIKAT_EN-ISO-9001_PRIMASTEEL.pdf\" target=\"_blank\">\n\t\t\t\t\t\t\t<img fetchpriority=\"high\" decoding=\"async\" width=\"709\" height=\"1002\" src=\"https:\/\/ocelove-rury.sk\/wp-content\/uploads\/2025\/04\/ISO_9001_Certifikat_Primasteel_SK.jpg\" class=\"attachment-full size-full wp-image-4211\" alt=\"SK - ISO 2027 CERTIFIKA\u0301T_EN ISO 9001_PRIMA STEEL, s.r.o.\" srcset=\"https:\/\/ocelove-rury.sk\/wp-content\/uploads\/2025\/04\/ISO_9001_Certifikat_Primasteel_SK.jpg 709w, https:\/\/ocelove-rury.sk\/wp-content\/uploads\/2025\/04\/ISO_9001_Certifikat_Primasteel_SK-212x300.jpg 212w\" sizes=\"(max-width: 709px) 100vw, 709px\" \/>\t\t\t\t\t\t\t\t<\/a>\n\t\t\t\t\t\t\t\t\t\t\t\t\t\t\t<\/div>\n\t\t\t\t<\/div>\n\t\t\t\t<div class=\"elementor-element elementor-element-1a0e472 elementor-widget elementor-widget-image\" data-id=\"1a0e472\" data-element_type=\"widget\" data-widget_type=\"image.default\">\n\t\t\t\t<div class=\"elementor-widget-container\">\n\t\t\t\t\t\t\t\t\t\t\t\t\t\t\t\t<a href=\"https:\/\/ocelove-rury.sk\/wp-content\/uploads\/2025\/04\/EN-ISO-2027_CERTIFIKAT_EN-ISO-9001_PRIMASTEEL.pdf\" target=\"_blank\">\n\t\t\t\t\t\t\t<img decoding=\"async\" width=\"709\" height=\"1002\" src=\"https:\/\/ocelove-rury.sk\/wp-content\/uploads\/2025\/04\/ISO_9001_Certificate_Primasteel_EN.jpg\" class=\"attachment-full size-full wp-image-4210\" alt=\"EN - ISO 2027 CERTIFIKA\u0301T_EN ISO 9001_PRIMA STEEL, s.r.o.\" srcset=\"https:\/\/ocelove-rury.sk\/wp-content\/uploads\/2025\/04\/ISO_9001_Certificate_Primasteel_EN.jpg 709w, https:\/\/ocelove-rury.sk\/wp-content\/uploads\/2025\/04\/ISO_9001_Certificate_Primasteel_EN-212x300.jpg 212w\" sizes=\"(max-width: 709px) 100vw, 709px\" \/>\t\t\t\t\t\t\t\t<\/a>\n\t\t\t\t\t\t\t\t\t\t\t\t\t\t\t<\/div>\n\t\t\t\t<\/div>\n\t\t\t\t<\/div>\n\t\t\t\t<\/div>\n\t\t\t\t\t<\/div>\n\t\t\t\t<\/div>\n\t\t<div class=\"elementor-element elementor-element-5a2c7dc e-flex e-con-boxed e-con e-parent\" data-id=\"5a2c7dc\" data-element_type=\"container\">\n\t\t\t\t\t<div class=\"e-con-inner\">\n\t\t\t\t<div class=\"elementor-element elementor-element-e7efcc4 elementor-widget elementor-widget-heading\" data-id=\"e7efcc4\" data-element_type=\"widget\" data-widget_type=\"heading.default\">\n\t\t\t\t<div class=\"elementor-widget-container\">\n\t\t\t\t\t<h2 class=\"elementor-heading-title elementor-size-default\">WHY CHOOSE US?<\/h2>\t\t\t\t<\/div>\n\t\t\t\t<\/div>\n\t\t<div class=\"elementor-element elementor-element-98aae24 e-grid e-con-full e-con e-child\" data-id=\"98aae24\" data-element_type=\"container\">\n\t\t<div class=\"elementor-element elementor-element-df798b4 e-con-full e-flex e-con e-child\" data-id=\"df798b4\" data-element_type=\"container\">\n\t\t\t\t<div class=\"elementor-element elementor-element-ebee995 elementor-widget elementor-widget-image\" data-id=\"ebee995\" data-element_type=\"widget\" data-widget_type=\"image.default\">\n\t\t\t\t<div class=\"elementor-widget-container\">\n\t\t\t\t\t\t\t\t\t\t\t\t\t\t\t<img decoding=\"async\" width=\"70\" height=\"70\" src=\"https:\/\/ocelove-rury.sk\/wp-content\/uploads\/2025\/04\/image-6.png\" class=\"attachment-large size-large wp-image-248\" alt=\"delivery\" \/>\t\t\t\t\t\t\t\t\t\t\t\t\t\t\t<\/div>\n\t\t\t\t<\/div>\n\t\t\t\t<div class=\"elementor-element elementor-element-1a13485 elementor-widget elementor-widget-text-editor\" data-id=\"1a13485\" data-element_type=\"widget\" data-widget_type=\"text-editor.default\">\n\t\t\t\t<div class=\"elementor-widget-container\">\n\t\t\t\t\t\t\t\t\t<p>In addition to direct sales, we offer a range of additional services, including shipment to another place of destination within Slovak Republic, professional and technical advisory service, distribution of goods and an individual approach.<\/p>\t\t\t\t\t\t\t\t<\/div>\n\t\t\t\t<\/div>\n\t\t\t\t<\/div>\n\t\t<div class=\"elementor-element elementor-element-f2b2ec0 e-con-full e-flex e-con e-child\" data-id=\"f2b2ec0\" data-element_type=\"container\">\n\t\t\t\t<div class=\"elementor-element elementor-element-2e90058 elementor-widget elementor-widget-image\" data-id=\"2e90058\" data-element_type=\"widget\" data-widget_type=\"image.default\">\n\t\t\t\t<div class=\"elementor-widget-container\">\n\t\t\t\t\t\t\t\t\t\t\t\t\t\t\t<img loading=\"lazy\" decoding=\"async\" width=\"70\" height=\"70\" src=\"https:\/\/ocelove-rury.sk\/wp-content\/uploads\/2025\/04\/image-7.png\" class=\"attachment-large size-large wp-image-247\" alt=\"check\" \/>\t\t\t\t\t\t\t\t\t\t\t\t\t\t\t<\/div>\n\t\t\t\t<\/div>\n\t\t\t\t<div class=\"elementor-element elementor-element-6fb2b36 elementor-widget elementor-widget-text-editor\" data-id=\"6fb2b36\" data-element_type=\"widget\" data-widget_type=\"text-editor.default\">\n\t\t\t\t<div class=\"elementor-widget-container\">\n\t\t\t\t\t\t\t\t\tGoods are received to the warehouse through the input check of warehouse workers and marked and stored for output towards the customers.\t\t\t\t\t\t\t\t<\/div>\n\t\t\t\t<\/div>\n\t\t\t\t<\/div>\n\t\t<div class=\"elementor-element elementor-element-dd6cb93 e-con-full e-flex e-con e-child\" data-id=\"dd6cb93\" data-element_type=\"container\">\n\t\t\t\t<div class=\"elementor-element elementor-element-8c42de7 elementor-widget elementor-widget-image\" data-id=\"8c42de7\" data-element_type=\"widget\" data-widget_type=\"image.default\">\n\t\t\t\t<div class=\"elementor-widget-container\">\n\t\t\t\t\t\t\t\t\t\t\t\t\t\t\t<img loading=\"lazy\" decoding=\"async\" width=\"70\" height=\"70\" src=\"https:\/\/ocelove-rury.sk\/wp-content\/uploads\/2025\/04\/image-8.png\" class=\"attachment-large size-large wp-image-246\" alt=\"en iso\" \/>\t\t\t\t\t\t\t\t\t\t\t\t\t\t\t<\/div>\n\t\t\t\t<\/div>\n\t\t\t\t<div class=\"elementor-element elementor-element-6db24a7 elementor-widget elementor-widget-text-editor\" data-id=\"6db24a7\" data-element_type=\"widget\" data-widget_type=\"text-editor.default\">\n\t\t\t\t<div class=\"elementor-widget-container\">\n\t\t\t\t\t\t\t\t\t<div class=\"row\"><div class=\"col-md-4\">We work under ISO 9001: 2009 quality management system, which proves a high level of organization of internal relations within the company that are essential to meet the needs of our customers.<\/div><\/div>\t\t\t\t\t\t\t\t<\/div>\n\t\t\t\t<\/div>\n\t\t\t\t<\/div>\n\t\t\t\t<\/div>\n\t\t\t\t\t<\/div>\n\t\t\t\t<\/div>\n\t\t<div class=\"elementor-element elementor-element-614e5003 e-flex e-con-boxed e-con e-parent\" data-id=\"614e5003\" data-element_type=\"container\">\n\t\t\t\t\t<div class=\"e-con-inner\">\n\t\t<a class=\"elementor-element elementor-element-1b9f3532 e-con-full e-flex e-con e-child\" data-id=\"1b9f3532\" data-element_type=\"container\" data-settings=\"{&quot;background_background&quot;:&quot;classic&quot;}\" href=\"#top\">\n\t\t\t\t<\/a>\n\t\t\t\t<div class=\"elementor-element elementor-element-79c073e1 elementor-widget elementor-widget-text-editor\" data-id=\"79c073e1\" data-element_type=\"widget\" data-widget_type=\"text-editor.default\">\n\t\t\t\t<div class=\"elementor-widget-container\">\n\t\t\t\t\t\t\t\t\t<p>Address of shop floor and warehouse: Vodn\u00e9 dielo Kr\u00e1\u013eov\u00e1 622, Kr\u00e1\u013eov\u00e1 n. V\u00e1hom | Tel.: 031 \/ 780 2241 | email: <a href=\"mailto:office@primasteel.sk\">office@primasteel.sk<\/a><\/p>\t\t\t\t\t\t\t\t<\/div>\n\t\t\t\t<\/div>\n\t\t\t\t<div class=\"elementor-element elementor-element-27e265c5 elementor-widget-divider--view-line elementor-widget elementor-widget-divider\" data-id=\"27e265c5\" data-element_type=\"widget\" data-widget_type=\"divider.default\">\n\t\t\t\t<div class=\"elementor-widget-container\">\n\t\t\t\t\t\t\t<div class=\"elementor-divider\">\n\t\t\t<span class=\"elementor-divider-separator\">\n\t\t\t\t\t\t<\/span>\n\t\t<\/div>\n\t\t\t\t\t\t<\/div>\n\t\t\t\t<\/div>\n\t\t\t\t<div class=\"elementor-element elementor-element-492753c6 elementor-widget elementor-widget-text-editor\" data-id=\"492753c6\" data-element_type=\"widget\" data-widget_type=\"text-editor.default\">\n\t\t\t\t<div class=\"elementor-widget-container\">\n\t\t\t\t\t\t\t\t\t<p>Designed and Development <a href=\"http:\/\/magicmedia.sk\/\">Magic media<\/a> 2025<\/p>\t\t\t\t\t\t\t\t<\/div>\n\t\t\t\t<\/div>\n\t\t<div class=\"elementor-element elementor-element-4938cddb e-con-full e-flex e-con e-child\" data-id=\"4938cddb\" data-element_type=\"container\">\n\t\t\t\t<div class=\"elementor-element elementor-element-4d102c91 elementor-widget elementor-widget-image\" data-id=\"4d102c91\" data-element_type=\"widget\" data-widget_type=\"image.default\">\n\t\t\t\t<div class=\"elementor-widget-container\">\n\t\t\t\t\t\t\t\t\t\t\t\t\t\t\t\t<a href=\"https:\/\/www.facebook.com\/Primasteel-623807174404657\/\" target=\"_blank\">\n\t\t\t\t\t\t\t<img loading=\"lazy\" decoding=\"async\" width=\"512\" height=\"512\" src=\"https:\/\/ocelove-rury.sk\/wp-content\/uploads\/2025\/04\/facebook-01.svg\" class=\"attachment-full size-full wp-image-4491\" alt=\"Prima Steel, s.r.o. - Facebook\" \/>\t\t\t\t\t\t\t\t<\/a>\n\t\t\t\t\t\t\t\t\t\t\t\t\t\t\t<\/div>\n\t\t\t\t<\/div>\n\t\t\t\t<div class=\"elementor-element elementor-element-4a50ce3f elementor-widget elementor-widget-image\" data-id=\"4a50ce3f\" data-element_type=\"widget\" data-widget_type=\"image.default\">\n\t\t\t\t<div class=\"elementor-widget-container\">\n\t\t\t\t\t\t\t\t\t\t\t\t\t\t\t\t<a href=\"https:\/\/ocelove-rury.sk\/\" target=\"_blank\">\n\t\t\t\t\t\t\t<img loading=\"lazy\" decoding=\"async\" width=\"512\" height=\"512\" src=\"https:\/\/ocelove-rury.sk\/wp-content\/uploads\/2025\/04\/linkedin-01.svg\" class=\"attachment-full size-full wp-image-4489\" alt=\"Prima Steel, s.r.o. - LinkedIn\" \/>\t\t\t\t\t\t\t\t<\/a>\n\t\t\t\t\t\t\t\t\t\t\t\t\t\t\t<\/div>\n\t\t\t\t<\/div>\n\t\t\t\t<\/div>\n\t\t\t\t\t<\/div>\n\t\t\t\t<\/div>\n\t\t\t\t<\/div>\n\t\t","protected":false},"excerpt":{"rendered":"<p>Home Certificates We work under ISO 9001: 2009 quality management system, which proves a high level of organization of internal relations within the company that are essential to meet the needs of our customers. Goods are received to the warehouse through the input check of warehouse workers and are marked and stored for output towards [&hellip;]<\/p>\n","protected":false},"author":2,"featured_media":0,"parent":0,"menu_order":0,"comment_status":"closed","ping_status":"closed","template":"","meta":{"footnotes":""},"class_list":["post-5366","page","type-page","status-publish","hentry"],"yoast_head":"<!-- This site is optimized with the Yoast SEO plugin v27.5 - https:\/\/yoast.com\/product\/yoast-seo-wordpress\/ -->\n<title>Certificates - PRIMA STEEL - oce\u013eov\u00e9 r\u00fary a pr\u00edslu\u0161enstvo<\/title>\n<meta name=\"robots\" content=\"index, follow, max-snippet:-1, max-image-preview:large, max-video-preview:-1\" \/>\n<link rel=\"canonical\" href=\"https:\/\/ocelove-rury.sk\/en\/certificates\/\" \/>\n<meta property=\"og:locale\" content=\"en_US\" \/>\n<meta property=\"og:type\" content=\"article\" \/>\n<meta property=\"og:title\" content=\"Certificates - PRIMA STEEL - oce\u013eov\u00e9 r\u00fary a pr\u00edslu\u0161enstvo\" \/>\n<meta property=\"og:description\" content=\"Home Certificates We work under ISO 9001: 2009 quality management system, which proves a high level of organization of internal relations within the company that are essential to meet the needs of our customers. Goods are received to the warehouse through the input check of warehouse workers and are marked and stored for output towards [&hellip;]\" \/>\n<meta property=\"og:url\" content=\"https:\/\/ocelove-rury.sk\/en\/certificates\/\" \/>\n<meta property=\"og:site_name\" content=\"PRIMA STEEL - oce\u013eov\u00e9 r\u00fary a pr\u00edslu\u0161enstvo\" \/>\n<meta property=\"article:modified_time\" content=\"2025-05-06T18:56:29+00:00\" \/>\n<meta property=\"og:image\" content=\"https:\/\/ocelove-rury.sk\/wp-content\/uploads\/2025\/04\/ISO_9001_Certifikat_Primasteel_SK.jpg\" \/>\n<meta name=\"twitter:card\" content=\"summary_large_image\" \/>\n<meta name=\"twitter:label1\" content=\"Est. reading time\" \/>\n\t<meta name=\"twitter:data1\" content=\"1 minute\" \/>\n<script type=\"application\/ld+json\" class=\"yoast-schema-graph\">{\"@context\":\"https:\\\/\\\/schema.org\",\"@graph\":[{\"@type\":\"WebPage\",\"@id\":\"https:\\\/\\\/ocelove-rury.sk\\\/en\\\/certificates\\\/\",\"url\":\"https:\\\/\\\/ocelove-rury.sk\\\/en\\\/certificates\\\/\",\"name\":\"Certificates - PRIMA STEEL - oce\u013eov\u00e9 r\u00fary a pr\u00edslu\u0161enstvo\",\"isPartOf\":{\"@id\":\"https:\\\/\\\/ocelove-rury.sk\\\/#website\"},\"primaryImageOfPage\":{\"@id\":\"https:\\\/\\\/ocelove-rury.sk\\\/en\\\/certificates\\\/#primaryimage\"},\"image\":{\"@id\":\"https:\\\/\\\/ocelove-rury.sk\\\/en\\\/certificates\\\/#primaryimage\"},\"thumbnailUrl\":\"https:\\\/\\\/ocelove-rury.sk\\\/wp-content\\\/uploads\\\/2025\\\/04\\\/ISO_9001_Certifikat_Primasteel_SK.jpg\",\"datePublished\":\"2025-04-15T12:17:33+00:00\",\"dateModified\":\"2025-05-06T18:56:29+00:00\",\"breadcrumb\":{\"@id\":\"https:\\\/\\\/ocelove-rury.sk\\\/en\\\/certificates\\\/#breadcrumb\"},\"inLanguage\":\"en-US\",\"potentialAction\":[{\"@type\":\"ReadAction\",\"target\":[\"https:\\\/\\\/ocelove-rury.sk\\\/en\\\/certificates\\\/\"]}]},{\"@type\":\"ImageObject\",\"inLanguage\":\"en-US\",\"@id\":\"https:\\\/\\\/ocelove-rury.sk\\\/en\\\/certificates\\\/#primaryimage\",\"url\":\"https:\\\/\\\/ocelove-rury.sk\\\/wp-content\\\/uploads\\\/2025\\\/04\\\/ISO_9001_Certifikat_Primasteel_SK.jpg\",\"contentUrl\":\"https:\\\/\\\/ocelove-rury.sk\\\/wp-content\\\/uploads\\\/2025\\\/04\\\/ISO_9001_Certifikat_Primasteel_SK.jpg\"},{\"@type\":\"BreadcrumbList\",\"@id\":\"https:\\\/\\\/ocelove-rury.sk\\\/en\\\/certificates\\\/#breadcrumb\",\"itemListElement\":[{\"@type\":\"ListItem\",\"position\":1,\"name\":\"Domovsk\u00e1 str\u00e1nka\",\"item\":\"https:\\\/\\\/ocelove-rury.sk\\\/en\\\/\"},{\"@type\":\"ListItem\",\"position\":2,\"name\":\"Certificates\"}]},{\"@type\":\"WebSite\",\"@id\":\"https:\\\/\\\/ocelove-rury.sk\\\/#website\",\"url\":\"https:\\\/\\\/ocelove-rury.sk\\\/\",\"name\":\"Prima Steel - oce\u013eov\u00e9 r\u00fary a pr\u00edslu\u0161enstvo\",\"description\":\"Oce\u013eov\u00e9 r\u00fary a pr\u00edslu\u0161enstvo\",\"publisher\":{\"@id\":\"https:\\\/\\\/ocelove-rury.sk\\\/#organization\"},\"alternateName\":\"Prima Steel, s.r.o.\",\"potentialAction\":[{\"@type\":\"SearchAction\",\"target\":{\"@type\":\"EntryPoint\",\"urlTemplate\":\"https:\\\/\\\/ocelove-rury.sk\\\/?s={search_term_string}\"},\"query-input\":{\"@type\":\"PropertyValueSpecification\",\"valueRequired\":true,\"valueName\":\"search_term_string\"}}],\"inLanguage\":\"en-US\"},{\"@type\":\"Organization\",\"@id\":\"https:\\\/\\\/ocelove-rury.sk\\\/#organization\",\"name\":\"PRIMA STEEL s.r.o.\",\"url\":\"https:\\\/\\\/ocelove-rury.sk\\\/\",\"logo\":{\"@type\":\"ImageObject\",\"inLanguage\":\"en-US\",\"@id\":\"https:\\\/\\\/ocelove-rury.sk\\\/#\\\/schema\\\/logo\\\/image\\\/\",\"url\":\"https:\\\/\\\/ocelove-rury.sk\\\/wp-content\\\/uploads\\\/2025\\\/06\\\/Prima_Steel_logo_-scaled.png\",\"contentUrl\":\"https:\\\/\\\/ocelove-rury.sk\\\/wp-content\\\/uploads\\\/2025\\\/06\\\/Prima_Steel_logo_-scaled.png\",\"width\":2560,\"height\":2560,\"caption\":\"PRIMA STEEL s.r.o.\"},\"image\":{\"@id\":\"https:\\\/\\\/ocelove-rury.sk\\\/#\\\/schema\\\/logo\\\/image\\\/\"}}]}<\/script>\n<!-- \/ Yoast SEO plugin. -->","yoast_head_json":{"title":"Certificates - PRIMA STEEL - oce\u013eov\u00e9 r\u00fary a pr\u00edslu\u0161enstvo","robots":{"index":"index","follow":"follow","max-snippet":"max-snippet:-1","max-image-preview":"max-image-preview:large","max-video-preview":"max-video-preview:-1"},"canonical":"https:\/\/ocelove-rury.sk\/en\/certificates\/","og_locale":"en_US","og_type":"article","og_title":"Certificates - PRIMA STEEL - oce\u013eov\u00e9 r\u00fary a pr\u00edslu\u0161enstvo","og_description":"Home Certificates We work under ISO 9001: 2009 quality management system, which proves a high level of organization of internal relations within the company that are essential to meet the needs of our customers. Goods are received to the warehouse through the input check of warehouse workers and are marked and stored for output towards [&hellip;]","og_url":"https:\/\/ocelove-rury.sk\/en\/certificates\/","og_site_name":"PRIMA STEEL - oce\u013eov\u00e9 r\u00fary a pr\u00edslu\u0161enstvo","article_modified_time":"2025-05-06T18:56:29+00:00","og_image":[{"url":"https:\/\/ocelove-rury.sk\/wp-content\/uploads\/2025\/04\/ISO_9001_Certifikat_Primasteel_SK.jpg","type":"","width":"","height":""}],"twitter_card":"summary_large_image","twitter_misc":{"Est. reading time":"1 minute"},"schema":{"@context":"https:\/\/schema.org","@graph":[{"@type":"WebPage","@id":"https:\/\/ocelove-rury.sk\/en\/certificates\/","url":"https:\/\/ocelove-rury.sk\/en\/certificates\/","name":"Certificates - PRIMA STEEL - oce\u013eov\u00e9 r\u00fary a pr\u00edslu\u0161enstvo","isPartOf":{"@id":"https:\/\/ocelove-rury.sk\/#website"},"primaryImageOfPage":{"@id":"https:\/\/ocelove-rury.sk\/en\/certificates\/#primaryimage"},"image":{"@id":"https:\/\/ocelove-rury.sk\/en\/certificates\/#primaryimage"},"thumbnailUrl":"https:\/\/ocelove-rury.sk\/wp-content\/uploads\/2025\/04\/ISO_9001_Certifikat_Primasteel_SK.jpg","datePublished":"2025-04-15T12:17:33+00:00","dateModified":"2025-05-06T18:56:29+00:00","breadcrumb":{"@id":"https:\/\/ocelove-rury.sk\/en\/certificates\/#breadcrumb"},"inLanguage":"en-US","potentialAction":[{"@type":"ReadAction","target":["https:\/\/ocelove-rury.sk\/en\/certificates\/"]}]},{"@type":"ImageObject","inLanguage":"en-US","@id":"https:\/\/ocelove-rury.sk\/en\/certificates\/#primaryimage","url":"https:\/\/ocelove-rury.sk\/wp-content\/uploads\/2025\/04\/ISO_9001_Certifikat_Primasteel_SK.jpg","contentUrl":"https:\/\/ocelove-rury.sk\/wp-content\/uploads\/2025\/04\/ISO_9001_Certifikat_Primasteel_SK.jpg"},{"@type":"BreadcrumbList","@id":"https:\/\/ocelove-rury.sk\/en\/certificates\/#breadcrumb","itemListElement":[{"@type":"ListItem","position":1,"name":"Domovsk\u00e1 str\u00e1nka","item":"https:\/\/ocelove-rury.sk\/en\/"},{"@type":"ListItem","position":2,"name":"Certificates"}]},{"@type":"WebSite","@id":"https:\/\/ocelove-rury.sk\/#website","url":"https:\/\/ocelove-rury.sk\/","name":"Prima Steel - oce\u013eov\u00e9 r\u00fary a pr\u00edslu\u0161enstvo","description":"Oce\u013eov\u00e9 r\u00fary a pr\u00edslu\u0161enstvo","publisher":{"@id":"https:\/\/ocelove-rury.sk\/#organization"},"alternateName":"Prima Steel, s.r.o.","potentialAction":[{"@type":"SearchAction","target":{"@type":"EntryPoint","urlTemplate":"https:\/\/ocelove-rury.sk\/?s={search_term_string}"},"query-input":{"@type":"PropertyValueSpecification","valueRequired":true,"valueName":"search_term_string"}}],"inLanguage":"en-US"},{"@type":"Organization","@id":"https:\/\/ocelove-rury.sk\/#organization","name":"PRIMA STEEL s.r.o.","url":"https:\/\/ocelove-rury.sk\/","logo":{"@type":"ImageObject","inLanguage":"en-US","@id":"https:\/\/ocelove-rury.sk\/#\/schema\/logo\/image\/","url":"https:\/\/ocelove-rury.sk\/wp-content\/uploads\/2025\/06\/Prima_Steel_logo_-scaled.png","contentUrl":"https:\/\/ocelove-rury.sk\/wp-content\/uploads\/2025\/06\/Prima_Steel_logo_-scaled.png","width":2560,"height":2560,"caption":"PRIMA STEEL s.r.o."},"image":{"@id":"https:\/\/ocelove-rury.sk\/#\/schema\/logo\/image\/"}}]}},"_links":{"self":[{"href":"https:\/\/ocelove-rury.sk\/en\/wp-json\/wp\/v2\/pages\/5366","targetHints":{"allow":["GET"]}}],"collection":[{"href":"https:\/\/ocelove-rury.sk\/en\/wp-json\/wp\/v2\/pages"}],"about":[{"href":"https:\/\/ocelove-rury.sk\/en\/wp-json\/wp\/v2\/types\/page"}],"author":[{"embeddable":true,"href":"https:\/\/ocelove-rury.sk\/en\/wp-json\/wp\/v2\/users\/2"}],"replies":[{"embeddable":true,"href":"https:\/\/ocelove-rury.sk\/en\/wp-json\/wp\/v2\/comments?post=5366"}],"version-history":[{"count":10,"href":"https:\/\/ocelove-rury.sk\/en\/wp-json\/wp\/v2\/pages\/5366\/revisions"}],"predecessor-version":[{"id":5465,"href":"https:\/\/ocelove-rury.sk\/en\/wp-json\/wp\/v2\/pages\/5366\/revisions\/5465"}],"wp:attachment":[{"href":"https:\/\/ocelove-rury.sk\/en\/wp-json\/wp\/v2\/media?parent=5366"}],"curies":[{"name":"wp","href":"https:\/\/api.w.org\/{rel}","templated":true}]}}