{"id":5802,"date":"2025-04-16T15:09:03","date_gmt":"2025-04-16T13:09:03","guid":{"rendered":"https:\/\/ocelove-rury.sk\/buroraume\/"},"modified":"2025-05-17T18:12:54","modified_gmt":"2025-05-17T16:12:54","slug":"buroraume","status":"publish","type":"page","link":"https:\/\/ocelove-rury.sk\/de\/galerie\/buroraume\/","title":{"rendered":"B\u00fcroraume"},"content":{"rendered":"\t\t<div data-elementor-type=\"wp-page\" data-elementor-id=\"5802\" class=\"elementor elementor-5802\" data-elementor-post-type=\"page\">\n\t\t\t\t<div class=\"elementor-element elementor-element-c54d69c e-flex e-con-boxed e-con e-parent\" data-id=\"c54d69c\" data-element_type=\"container\" data-settings=\"{&quot;background_background&quot;:&quot;classic&quot;}\">\n\t\t\t\t\t<div class=\"e-con-inner\">\n\t\t<div class=\"elementor-element elementor-element-e4fbceb e-con-full e-flex e-con e-child\" data-id=\"e4fbceb\" data-element_type=\"container\">\n\t\t<div class=\"elementor-element elementor-element-455f787 e-con-full e-flex e-con e-child\" data-id=\"455f787\" data-element_type=\"container\">\n\t\t\t\t<div class=\"elementor-element elementor-element-3cd223c elementor-widget elementor-widget-text-editor\" data-id=\"3cd223c\" data-element_type=\"widget\" data-widget_type=\"text-editor.default\">\n\t\t\t\t<div class=\"elementor-widget-container\">\n\t\t\t\t\t\t\t\t\t<p><span style=\"color: #39cee9;\">Home<\/span>\u00a0 \u00a0 \u00a0\u00a0<a href=\"https:\/\/ocelove-rury.sk\/galeria\/\">Galerie<\/a>\u00a0 \u00a0 B\u00fcroraume<\/p>\t\t\t\t\t\t\t\t<\/div>\n\t\t\t\t<\/div>\n\t\t\t\t<\/div>\n\t\t\t\t<\/div>\n\t\t\t\t\t<\/div>\n\t\t\t\t<\/div>\n\t\t<div class=\"elementor-element elementor-element-ae7111b e-flex e-con-boxed e-con e-parent\" data-id=\"ae7111b\" data-element_type=\"container\" data-settings=\"{&quot;background_background&quot;:&quot;classic&quot;}\">\n\t\t\t\t\t<div class=\"e-con-inner\">\n\t\t<div class=\"elementor-element elementor-element-6089189 e-con-full e-flex e-con e-child\" data-id=\"6089189\" data-element_type=\"container\">\n\t\t\t\t<div class=\"elementor-element elementor-element-c833440 elementor-widget elementor-widget-gallery\" data-id=\"c833440\" data-element_type=\"widget\" data-settings=\"{&quot;gallery_layout&quot;:&quot;masonry&quot;,&quot;gap&quot;:{&quot;unit&quot;:&quot;px&quot;,&quot;size&quot;:30,&quot;sizes&quot;:[]},&quot;gap_tablet&quot;:{&quot;unit&quot;:&quot;px&quot;,&quot;size&quot;:30,&quot;sizes&quot;:[]},&quot;gap_mobile&quot;:{&quot;unit&quot;:&quot;px&quot;,&quot;size&quot;:30,&quot;sizes&quot;:[]},&quot;overlay_title&quot;:&quot;caption&quot;,&quot;overlay_description&quot;:&quot;title&quot;,&quot;lazyload&quot;:&quot;yes&quot;,&quot;columns&quot;:4,&quot;columns_tablet&quot;:2,&quot;columns_mobile&quot;:1,&quot;link_to&quot;:&quot;file&quot;,&quot;content_hover_animation&quot;:&quot;fade-in&quot;}\" --hgap=\"\" data-widget_type=\"gallery.default\">\n\t\t\t\t<div class=\"elementor-widget-container\">\n\t\t\t\t\t\t\t<div class=\"elementor-gallery__container\">\n\t\t\t\t\t\t\t<a class=\"e-gallery-item elementor-gallery-item elementor-animated-content\" href=\"https:\/\/ocelove-rury.sk\/wp-content\/uploads\/2025\/04\/image.jpg\" data-elementor-open-lightbox=\"yes\" data-elementor-lightbox-slideshow=\"c833440\" data-elementor-lightbox-title=\"B\u00fcroraum\" data-elementor-lightbox-description=\"Kancel\u00e1rske priestory\" data-e-action-hash=\"#elementor-action%3Aaction%3Dlightbox%26settings%3DeyJpZCI6NTQ5NCwidXJsIjoiaHR0cHM6XC9cL29jZWxvdmUtcnVyeS5za1wvd3AtY29udGVudFwvdXBsb2Fkc1wvMjAyNVwvMDRcL2ltYWdlLmpwZyIsInNsaWRlc2hvdyI6ImM4MzM0NDAifQ%3D%3D\">\n\t\t\t\t\t<div class=\"e-gallery-image elementor-gallery-item__image\" data-thumbnail=\"https:\/\/ocelove-rury.sk\/wp-content\/uploads\/2025\/04\/image.jpg\" data-width=\"480\" data-height=\"400\" aria-label=\"Prima Steel sklad\" role=\"img\" ><\/div>\n\t\t\t\t\t\t\t\t\t\t\t\t\t\t\t<div class=\"elementor-gallery-item__content\">\n\t\t\t\t\t\t\t\t\t\t\t\t\t\t<div class=\"elementor-gallery-item__title\">\n\t\t\t\t\t\t\t\t\t\t\t\t\t\t\t\t\t\tKancel\u00e1rske priestory\t\t\t\t\t\t\t\t<\/div>\n\t\t\t\t\t\t\t\t\t\t\t\t\t\t\t<div class=\"elementor-gallery-item__description\">\n\t\t\t\t\t\t\t\t\t\t\t\t\t\t\t\t\t\tB\u00fcroraum\t\t\t\t\t\t\t\t<\/div>\n\t\t\t\t\t\t\t\t\t\t\t\t<\/div>\n\t\t\t\t\t\t\t\t\t<\/a>\n\t\t\t\t\t\t\t<a class=\"e-gallery-item elementor-gallery-item elementor-animated-content\" href=\"https:\/\/ocelove-rury.sk\/wp-content\/uploads\/2025\/04\/image-7.jpg\" data-elementor-open-lightbox=\"yes\" data-elementor-lightbox-slideshow=\"c833440\" data-elementor-lightbox-title=\"B\u00fcroraum\" data-elementor-lightbox-description=\"Kancel\u00e1rske priestory\" data-e-action-hash=\"#elementor-action%3Aaction%3Dlightbox%26settings%3DeyJpZCI6NTQ5NSwidXJsIjoiaHR0cHM6XC9cL29jZWxvdmUtcnVyeS5za1wvd3AtY29udGVudFwvdXBsb2Fkc1wvMjAyNVwvMDRcL2ltYWdlLTcuanBnIiwic2xpZGVzaG93IjoiYzgzMzQ0MCJ9\">\n\t\t\t\t\t<div class=\"e-gallery-image elementor-gallery-item__image\" data-thumbnail=\"https:\/\/ocelove-rury.sk\/wp-content\/uploads\/2025\/04\/image-7.jpg\" data-width=\"480\" data-height=\"400\" aria-label=\"Kancel\u00e1rske priestory\" role=\"img\" ><\/div>\n\t\t\t\t\t\t\t\t\t\t\t\t\t\t\t<div class=\"elementor-gallery-item__content\">\n\t\t\t\t\t\t\t\t\t\t\t\t\t\t<div class=\"elementor-gallery-item__title\">\n\t\t\t\t\t\t\t\t\t\t\t\t\t\t\t\t\t\tKancel\u00e1rske priestory\t\t\t\t\t\t\t\t<\/div>\n\t\t\t\t\t\t\t\t\t\t\t\t\t\t\t<div class=\"elementor-gallery-item__description\">\n\t\t\t\t\t\t\t\t\t\t\t\t\t\t\t\t\t\tB\u00fcroraum\t\t\t\t\t\t\t\t<\/div>\n\t\t\t\t\t\t\t\t\t\t\t\t<\/div>\n\t\t\t\t\t\t\t\t\t<\/a>\n\t\t\t\t\t<\/div>\n\t\t\t\t\t<\/div>\n\t\t\t\t<\/div>\n\t\t\t\t<\/div>\n\t\t\t\t\t<\/div>\n\t\t\t\t<\/div>\n\t\t<div class=\"elementor-element elementor-element-6578bfe8 e-flex e-con-boxed e-con e-parent\" data-id=\"6578bfe8\" data-element_type=\"container\">\n\t\t\t\t\t<div class=\"e-con-inner\">\n\t\t<div class=\"elementor-element elementor-element-2bbdcd1b e-con-full e-flex e-con e-child\" data-id=\"2bbdcd1b\" data-element_type=\"container\">\n\t\t<div class=\"elementor-element elementor-element-1710665d e-con-full e-flex e-con e-child\" data-id=\"1710665d\" data-element_type=\"container\">\n\t\t\t\t<div class=\"elementor-element elementor-element-3ec547f4 elementor-widget elementor-widget-heading\" data-id=\"3ec547f4\" data-element_type=\"widget\" data-widget_type=\"heading.default\">\n\t\t\t\t<div class=\"elementor-widget-container\">\n\t\t\t\t\t<h2 class=\"elementor-heading-title elementor-size-default\">Warum wir?<\/h2>\t\t\t\t<\/div>\n\t\t\t\t<\/div>\n\t\t<div class=\"elementor-element elementor-element-362d66ca e-grid e-con-full e-con e-child\" data-id=\"362d66ca\" data-element_type=\"container\">\n\t\t<div class=\"elementor-element elementor-element-4ba60c52 e-con-full e-flex e-con e-child\" data-id=\"4ba60c52\" data-element_type=\"container\">\n\t\t\t\t<div class=\"elementor-element elementor-element-5cbb3cad elementor-widget elementor-widget-image\" data-id=\"5cbb3cad\" data-element_type=\"widget\" data-widget_type=\"image.default\">\n\t\t\t\t<div class=\"elementor-widget-container\">\n\t\t\t\t\t\t\t\t\t\t\t\t\t\t\t<img decoding=\"async\" width=\"70\" height=\"70\" src=\"https:\/\/ocelove-rury.sk\/wp-content\/uploads\/2025\/05\/image-6.png\" class=\"attachment-large size-large wp-image-5753\" alt=\"\" \/>\t\t\t\t\t\t\t\t\t\t\t\t\t\t\t<\/div>\n\t\t\t\t<\/div>\n\t\t\t\t<div class=\"elementor-element elementor-element-68dc00ad elementor-widget elementor-widget-text-editor\" data-id=\"68dc00ad\" data-element_type=\"widget\" data-widget_type=\"text-editor.default\">\n\t\t\t\t<div class=\"elementor-widget-container\">\n\t\t\t\t\t\t\t\t\t<p>Neben dem Direktverkauf, <strong>bieten<\/strong> wir eine Reihe von zus\u00e4tzlichen Diensten, einschlie\u00dflich des <strong>Versandes<\/strong> an einen anderen Bestimmungsort <strong>in der Slowakischen Republik<\/strong>, fachliche und technische Beratung, Vertrieb von Waren und eine individuelle Einstellung an.<\/p>\t\t\t\t\t\t\t\t<\/div>\n\t\t\t\t<\/div>\n\t\t\t\t<\/div>\n\t\t<div class=\"elementor-element elementor-element-353380c4 e-con-full e-flex e-con e-child\" data-id=\"353380c4\" data-element_type=\"container\">\n\t\t\t\t<div class=\"elementor-element elementor-element-13e3890d elementor-widget elementor-widget-image\" data-id=\"13e3890d\" data-element_type=\"widget\" data-widget_type=\"image.default\">\n\t\t\t\t<div class=\"elementor-widget-container\">\n\t\t\t\t\t\t\t\t\t\t\t\t\t\t\t<img decoding=\"async\" width=\"70\" height=\"70\" src=\"https:\/\/ocelove-rury.sk\/wp-content\/uploads\/2025\/05\/image-7.png\" class=\"attachment-large size-large wp-image-5756\" alt=\"\" \/>\t\t\t\t\t\t\t\t\t\t\t\t\t\t\t<\/div>\n\t\t\t\t<\/div>\n\t\t\t\t<div class=\"elementor-element elementor-element-44af3328 elementor-widget elementor-widget-text-editor\" data-id=\"44af3328\" data-element_type=\"widget\" data-widget_type=\"text-editor.default\">\n\t\t\t\t<div class=\"elementor-widget-container\">\n\t\t\t\t\t\t\t\t\t<p><strong>Die Waren<\/strong>\u00a0werden an das Lager\u00a0<strong>durch die Eingangskontrolle<\/strong> der Lagerarbeiter empfangen,\u00a0 <strong>markiert und f\u00fcr die Ausgabe<\/strong> zu den Kunden gelagert.<\/p>\t\t\t\t\t\t\t\t<\/div>\n\t\t\t\t<\/div>\n\t\t\t\t<\/div>\n\t\t<div class=\"elementor-element elementor-element-264e8595 e-con-full e-flex e-con e-child\" data-id=\"264e8595\" data-element_type=\"container\">\n\t\t\t\t<div class=\"elementor-element elementor-element-f066b64 elementor-widget elementor-widget-image\" data-id=\"f066b64\" data-element_type=\"widget\" data-widget_type=\"image.default\">\n\t\t\t\t<div class=\"elementor-widget-container\">\n\t\t\t\t\t\t\t\t\t\t\t\t\t\t\t<img decoding=\"async\" width=\"70\" height=\"70\" src=\"https:\/\/ocelove-rury.sk\/wp-content\/uploads\/2025\/05\/image-8.png\" class=\"attachment-large size-large wp-image-5759\" alt=\"\" \/>\t\t\t\t\t\t\t\t\t\t\t\t\t\t\t<\/div>\n\t\t\t\t<\/div>\n\t\t\t\t<div class=\"elementor-element elementor-element-77886010 elementor-widget elementor-widget-text-editor\" data-id=\"77886010\" data-element_type=\"widget\" data-widget_type=\"text-editor.default\">\n\t\t\t\t<div class=\"elementor-widget-container\">\n\t\t\t\t\t\t\t\t\t<div class=\"row\"><div class=\"col-md-4\">Wir arbeiten nach\u00a0<strong>ISO 9001: 2009<\/strong>\u00a0Qualit\u00e4tsmanagement-System,\u00a0<strong>das hohe Niveau der Organisation der internen Beziehungen in unserer Gesellschaft best<\/strong><strong>\u00e4<\/strong><strong>tigt,<\/strong> die notwendig sind um die Bed\u00fcrfnisse unseren Kunden zu erf\u00fclen.<\/div><\/div>\t\t\t\t\t\t\t\t<\/div>\n\t\t\t\t<\/div>\n\t\t\t\t<\/div>\n\t\t\t\t<\/div>\n\t\t\t\t<\/div>\n\t\t\t\t<\/div>\n\t\t\t\t\t<\/div>\n\t\t\t\t<\/div>\n\t\t<div class=\"elementor-element elementor-element-4cfb27ec e-flex e-con-boxed e-con e-parent\" data-id=\"4cfb27ec\" data-element_type=\"container\">\n\t\t\t\t\t<div class=\"e-con-inner\">\n\t\t<div class=\"elementor-element elementor-element-f098473 e-con-full e-flex e-con e-child\" data-id=\"f098473\" data-element_type=\"container\">\n\t\t<a class=\"elementor-element elementor-element-7e42e698 e-con-full e-flex e-con e-child\" data-id=\"7e42e698\" data-element_type=\"container\" data-settings=\"{&quot;background_background&quot;:&quot;classic&quot;}\" href=\"#top\">\n\t\t\t\t<\/a>\n\t\t\t\t<div class=\"elementor-element elementor-element-24f24f51 elementor-widget elementor-widget-text-editor\" data-id=\"24f24f51\" data-element_type=\"widget\" data-widget_type=\"text-editor.default\">\n\t\t\t\t<div class=\"elementor-widget-container\">\n\t\t\t\t\t\t\t\t\t<p>Adresse: Vodn\u00e9 dielo Kr\u00e1\u013eov\u00e1 622, Kr\u00e1\u013eov\u00e1 n. V\u00e1hom | Tel.: 031 \/ 780 2241 | email: <a href=\"mailto:office@primasteel.sk\">office@primasteel.sk<\/a><\/p>\t\t\t\t\t\t\t\t<\/div>\n\t\t\t\t<\/div>\n\t\t\t\t<div class=\"elementor-element elementor-element-19ebde7d elementor-widget-divider--view-line elementor-widget elementor-widget-divider\" data-id=\"19ebde7d\" data-element_type=\"widget\" data-widget_type=\"divider.default\">\n\t\t\t\t<div class=\"elementor-widget-container\">\n\t\t\t\t\t\t\t<div class=\"elementor-divider\">\n\t\t\t<span class=\"elementor-divider-separator\">\n\t\t\t\t\t\t<\/span>\n\t\t<\/div>\n\t\t\t\t\t\t<\/div>\n\t\t\t\t<\/div>\n\t\t\t\t<div class=\"elementor-element elementor-element-260c5730 elementor-widget elementor-widget-text-editor\" data-id=\"260c5730\" data-element_type=\"widget\" data-widget_type=\"text-editor.default\">\n\t\t\t\t<div class=\"elementor-widget-container\">\n\t\t\t\t\t\t\t\t\t<p>Entworfen und entwickelt <a href=\"https:\/\/magicmedia.sk\/\">Magic media<\/a> 2025<\/p>\t\t\t\t\t\t\t\t<\/div>\n\t\t\t\t<\/div>\n\t\t\t\t<\/div>\n\t\t\t\t\t<\/div>\n\t\t\t\t<\/div>\n\t\t\t\t<\/div>\n\t\t","protected":false},"excerpt":{"rendered":"<p>Home\u00a0 \u00a0 \u00a0\u00a0Galerie\u00a0 \u00a0 B\u00fcroraume B\u00fcroraum B\u00fcroraum Warum wir? Neben dem Direktverkauf, bieten wir eine Reihe von zus\u00e4tzlichen Diensten, einschlie\u00dflich des Versandes an einen anderen Bestimmungsort in der Slowakischen Republik, fachliche und technische Beratung, Vertrieb von Waren und eine individuelle Einstellung an. Die Waren\u00a0werden an das Lager\u00a0durch die Eingangskontrolle der Lagerarbeiter empfangen,\u00a0 markiert und f\u00fcr [&hellip;]<\/p>\n","protected":false},"author":2,"featured_media":0,"parent":5794,"menu_order":0,"comment_status":"closed","ping_status":"closed","template":"","meta":{"footnotes":""},"class_list":["post-5802","page","type-page","status-publish","hentry"],"yoast_head":"<!-- This site is optimized with the Yoast SEO plugin v27.5 - https:\/\/yoast.com\/product\/yoast-seo-wordpress\/ -->\n<title>B\u00fcroraume - PRIMA STEEL - oce\u013eov\u00e9 r\u00fary a pr\u00edslu\u0161enstvo<\/title>\n<meta name=\"robots\" content=\"index, follow, max-snippet:-1, max-image-preview:large, max-video-preview:-1\" \/>\n<link rel=\"canonical\" href=\"https:\/\/ocelove-rury.sk\/de\/galerie\/buroraume\/\" \/>\n<meta property=\"og:locale\" content=\"de_DE\" \/>\n<meta property=\"og:type\" content=\"article\" \/>\n<meta property=\"og:title\" content=\"B\u00fcroraume - PRIMA STEEL - oce\u013eov\u00e9 r\u00fary a pr\u00edslu\u0161enstvo\" \/>\n<meta property=\"og:description\" content=\"Home\u00a0 \u00a0 \u00a0\u00a0Galerie\u00a0 \u00a0 B\u00fcroraume B\u00fcroraum B\u00fcroraum Warum wir? Neben dem Direktverkauf, bieten wir eine Reihe von zus\u00e4tzlichen Diensten, einschlie\u00dflich des Versandes an einen anderen Bestimmungsort in der Slowakischen Republik, fachliche und technische Beratung, Vertrieb von Waren und eine individuelle Einstellung an. Die Waren\u00a0werden an das Lager\u00a0durch die Eingangskontrolle der Lagerarbeiter empfangen,\u00a0 markiert und f\u00fcr [&hellip;]\" \/>\n<meta property=\"og:url\" content=\"https:\/\/ocelove-rury.sk\/de\/galerie\/buroraume\/\" \/>\n<meta property=\"og:site_name\" content=\"PRIMA STEEL - oce\u013eov\u00e9 r\u00fary a pr\u00edslu\u0161enstvo\" \/>\n<meta property=\"article:modified_time\" content=\"2025-05-17T16:12:54+00:00\" \/>\n<meta property=\"og:image\" content=\"https:\/\/ocelove-rury.sk\/wp-content\/uploads\/2025\/05\/image-6.png\" \/>\n<meta name=\"twitter:card\" content=\"summary_large_image\" \/>\n<meta name=\"twitter:label1\" content=\"Gesch\u00e4tzte Lesezeit\" \/>\n\t<meta name=\"twitter:data1\" content=\"1\u00a0Minute\" \/>\n<script type=\"application\/ld+json\" class=\"yoast-schema-graph\">{\"@context\":\"https:\\\/\\\/schema.org\",\"@graph\":[{\"@type\":\"WebPage\",\"@id\":\"https:\\\/\\\/ocelove-rury.sk\\\/de\\\/galerie\\\/buroraume\\\/\",\"url\":\"https:\\\/\\\/ocelove-rury.sk\\\/de\\\/galerie\\\/buroraume\\\/\",\"name\":\"B\u00fcroraume - PRIMA STEEL - oce\u013eov\u00e9 r\u00fary a pr\u00edslu\u0161enstvo\",\"isPartOf\":{\"@id\":\"https:\\\/\\\/ocelove-rury.sk\\\/#website\"},\"primaryImageOfPage\":{\"@id\":\"https:\\\/\\\/ocelove-rury.sk\\\/de\\\/galerie\\\/buroraume\\\/#primaryimage\"},\"image\":{\"@id\":\"https:\\\/\\\/ocelove-rury.sk\\\/de\\\/galerie\\\/buroraume\\\/#primaryimage\"},\"thumbnailUrl\":\"https:\\\/\\\/ocelove-rury.sk\\\/wp-content\\\/uploads\\\/2025\\\/05\\\/image-6.png\",\"datePublished\":\"2025-04-16T13:09:03+00:00\",\"dateModified\":\"2025-05-17T16:12:54+00:00\",\"breadcrumb\":{\"@id\":\"https:\\\/\\\/ocelove-rury.sk\\\/de\\\/galerie\\\/buroraume\\\/#breadcrumb\"},\"inLanguage\":\"de\",\"potentialAction\":[{\"@type\":\"ReadAction\",\"target\":[\"https:\\\/\\\/ocelove-rury.sk\\\/de\\\/galerie\\\/buroraume\\\/\"]}]},{\"@type\":\"ImageObject\",\"inLanguage\":\"de\",\"@id\":\"https:\\\/\\\/ocelove-rury.sk\\\/de\\\/galerie\\\/buroraume\\\/#primaryimage\",\"url\":\"https:\\\/\\\/ocelove-rury.sk\\\/wp-content\\\/uploads\\\/2025\\\/05\\\/image-6.png\",\"contentUrl\":\"https:\\\/\\\/ocelove-rury.sk\\\/wp-content\\\/uploads\\\/2025\\\/05\\\/image-6.png\"},{\"@type\":\"BreadcrumbList\",\"@id\":\"https:\\\/\\\/ocelove-rury.sk\\\/de\\\/galerie\\\/buroraume\\\/#breadcrumb\",\"itemListElement\":[{\"@type\":\"ListItem\",\"position\":1,\"name\":\"Domovsk\u00e1 str\u00e1nka\",\"item\":\"https:\\\/\\\/ocelove-rury.sk\\\/de\\\/\"},{\"@type\":\"ListItem\",\"position\":2,\"name\":\"Galerie\",\"item\":\"https:\\\/\\\/ocelove-rury.sk\\\/de\\\/galerie\\\/\"},{\"@type\":\"ListItem\",\"position\":3,\"name\":\"B\u00fcroraume\"}]},{\"@type\":\"WebSite\",\"@id\":\"https:\\\/\\\/ocelove-rury.sk\\\/#website\",\"url\":\"https:\\\/\\\/ocelove-rury.sk\\\/\",\"name\":\"Prima Steel - oce\u013eov\u00e9 r\u00fary a pr\u00edslu\u0161enstvo\",\"description\":\"Oce\u013eov\u00e9 r\u00fary a pr\u00edslu\u0161enstvo\",\"publisher\":{\"@id\":\"https:\\\/\\\/ocelove-rury.sk\\\/#organization\"},\"alternateName\":\"Prima Steel, s.r.o.\",\"potentialAction\":[{\"@type\":\"SearchAction\",\"target\":{\"@type\":\"EntryPoint\",\"urlTemplate\":\"https:\\\/\\\/ocelove-rury.sk\\\/?s={search_term_string}\"},\"query-input\":{\"@type\":\"PropertyValueSpecification\",\"valueRequired\":true,\"valueName\":\"search_term_string\"}}],\"inLanguage\":\"de\"},{\"@type\":\"Organization\",\"@id\":\"https:\\\/\\\/ocelove-rury.sk\\\/#organization\",\"name\":\"PRIMA STEEL s.r.o.\",\"url\":\"https:\\\/\\\/ocelove-rury.sk\\\/\",\"logo\":{\"@type\":\"ImageObject\",\"inLanguage\":\"de\",\"@id\":\"https:\\\/\\\/ocelove-rury.sk\\\/#\\\/schema\\\/logo\\\/image\\\/\",\"url\":\"https:\\\/\\\/ocelove-rury.sk\\\/wp-content\\\/uploads\\\/2025\\\/06\\\/Prima_Steel_logo_-scaled.png\",\"contentUrl\":\"https:\\\/\\\/ocelove-rury.sk\\\/wp-content\\\/uploads\\\/2025\\\/06\\\/Prima_Steel_logo_-scaled.png\",\"width\":2560,\"height\":2560,\"caption\":\"PRIMA STEEL s.r.o.\"},\"image\":{\"@id\":\"https:\\\/\\\/ocelove-rury.sk\\\/#\\\/schema\\\/logo\\\/image\\\/\"}}]}<\/script>\n<!-- \/ Yoast SEO plugin. -->","yoast_head_json":{"title":"B\u00fcroraume - PRIMA STEEL - oce\u013eov\u00e9 r\u00fary a pr\u00edslu\u0161enstvo","robots":{"index":"index","follow":"follow","max-snippet":"max-snippet:-1","max-image-preview":"max-image-preview:large","max-video-preview":"max-video-preview:-1"},"canonical":"https:\/\/ocelove-rury.sk\/de\/galerie\/buroraume\/","og_locale":"de_DE","og_type":"article","og_title":"B\u00fcroraume - PRIMA STEEL - oce\u013eov\u00e9 r\u00fary a pr\u00edslu\u0161enstvo","og_description":"Home\u00a0 \u00a0 \u00a0\u00a0Galerie\u00a0 \u00a0 B\u00fcroraume B\u00fcroraum B\u00fcroraum Warum wir? Neben dem Direktverkauf, bieten wir eine Reihe von zus\u00e4tzlichen Diensten, einschlie\u00dflich des Versandes an einen anderen Bestimmungsort in der Slowakischen Republik, fachliche und technische Beratung, Vertrieb von Waren und eine individuelle Einstellung an. Die Waren\u00a0werden an das Lager\u00a0durch die Eingangskontrolle der Lagerarbeiter empfangen,\u00a0 markiert und f\u00fcr [&hellip;]","og_url":"https:\/\/ocelove-rury.sk\/de\/galerie\/buroraume\/","og_site_name":"PRIMA STEEL - oce\u013eov\u00e9 r\u00fary a pr\u00edslu\u0161enstvo","article_modified_time":"2025-05-17T16:12:54+00:00","og_image":[{"url":"https:\/\/ocelove-rury.sk\/wp-content\/uploads\/2025\/05\/image-6.png","type":"","width":"","height":""}],"twitter_card":"summary_large_image","twitter_misc":{"Gesch\u00e4tzte Lesezeit":"1\u00a0Minute"},"schema":{"@context":"https:\/\/schema.org","@graph":[{"@type":"WebPage","@id":"https:\/\/ocelove-rury.sk\/de\/galerie\/buroraume\/","url":"https:\/\/ocelove-rury.sk\/de\/galerie\/buroraume\/","name":"B\u00fcroraume - PRIMA STEEL - oce\u013eov\u00e9 r\u00fary a pr\u00edslu\u0161enstvo","isPartOf":{"@id":"https:\/\/ocelove-rury.sk\/#website"},"primaryImageOfPage":{"@id":"https:\/\/ocelove-rury.sk\/de\/galerie\/buroraume\/#primaryimage"},"image":{"@id":"https:\/\/ocelove-rury.sk\/de\/galerie\/buroraume\/#primaryimage"},"thumbnailUrl":"https:\/\/ocelove-rury.sk\/wp-content\/uploads\/2025\/05\/image-6.png","datePublished":"2025-04-16T13:09:03+00:00","dateModified":"2025-05-17T16:12:54+00:00","breadcrumb":{"@id":"https:\/\/ocelove-rury.sk\/de\/galerie\/buroraume\/#breadcrumb"},"inLanguage":"de","potentialAction":[{"@type":"ReadAction","target":["https:\/\/ocelove-rury.sk\/de\/galerie\/buroraume\/"]}]},{"@type":"ImageObject","inLanguage":"de","@id":"https:\/\/ocelove-rury.sk\/de\/galerie\/buroraume\/#primaryimage","url":"https:\/\/ocelove-rury.sk\/wp-content\/uploads\/2025\/05\/image-6.png","contentUrl":"https:\/\/ocelove-rury.sk\/wp-content\/uploads\/2025\/05\/image-6.png"},{"@type":"BreadcrumbList","@id":"https:\/\/ocelove-rury.sk\/de\/galerie\/buroraume\/#breadcrumb","itemListElement":[{"@type":"ListItem","position":1,"name":"Domovsk\u00e1 str\u00e1nka","item":"https:\/\/ocelove-rury.sk\/de\/"},{"@type":"ListItem","position":2,"name":"Galerie","item":"https:\/\/ocelove-rury.sk\/de\/galerie\/"},{"@type":"ListItem","position":3,"name":"B\u00fcroraume"}]},{"@type":"WebSite","@id":"https:\/\/ocelove-rury.sk\/#website","url":"https:\/\/ocelove-rury.sk\/","name":"Prima Steel - oce\u013eov\u00e9 r\u00fary a pr\u00edslu\u0161enstvo","description":"Oce\u013eov\u00e9 r\u00fary a pr\u00edslu\u0161enstvo","publisher":{"@id":"https:\/\/ocelove-rury.sk\/#organization"},"alternateName":"Prima Steel, s.r.o.","potentialAction":[{"@type":"SearchAction","target":{"@type":"EntryPoint","urlTemplate":"https:\/\/ocelove-rury.sk\/?s={search_term_string}"},"query-input":{"@type":"PropertyValueSpecification","valueRequired":true,"valueName":"search_term_string"}}],"inLanguage":"de"},{"@type":"Organization","@id":"https:\/\/ocelove-rury.sk\/#organization","name":"PRIMA STEEL s.r.o.","url":"https:\/\/ocelove-rury.sk\/","logo":{"@type":"ImageObject","inLanguage":"de","@id":"https:\/\/ocelove-rury.sk\/#\/schema\/logo\/image\/","url":"https:\/\/ocelove-rury.sk\/wp-content\/uploads\/2025\/06\/Prima_Steel_logo_-scaled.png","contentUrl":"https:\/\/ocelove-rury.sk\/wp-content\/uploads\/2025\/06\/Prima_Steel_logo_-scaled.png","width":2560,"height":2560,"caption":"PRIMA STEEL s.r.o."},"image":{"@id":"https:\/\/ocelove-rury.sk\/#\/schema\/logo\/image\/"}}]}},"_links":{"self":[{"href":"https:\/\/ocelove-rury.sk\/de\/wp-json\/wp\/v2\/pages\/5802","targetHints":{"allow":["GET"]}}],"collection":[{"href":"https:\/\/ocelove-rury.sk\/de\/wp-json\/wp\/v2\/pages"}],"about":[{"href":"https:\/\/ocelove-rury.sk\/de\/wp-json\/wp\/v2\/types\/page"}],"author":[{"embeddable":true,"href":"https:\/\/ocelove-rury.sk\/de\/wp-json\/wp\/v2\/users\/2"}],"replies":[{"embeddable":true,"href":"https:\/\/ocelove-rury.sk\/de\/wp-json\/wp\/v2\/comments?post=5802"}],"version-history":[{"count":10,"href":"https:\/\/ocelove-rury.sk\/de\/wp-json\/wp\/v2\/pages\/5802\/revisions"}],"predecessor-version":[{"id":6456,"href":"https:\/\/ocelove-rury.sk\/de\/wp-json\/wp\/v2\/pages\/5802\/revisions\/6456"}],"up":[{"embeddable":true,"href":"https:\/\/ocelove-rury.sk\/de\/wp-json\/wp\/v2\/pages\/5794"}],"wp:attachment":[{"href":"https:\/\/ocelove-rury.sk\/de\/wp-json\/wp\/v2\/media?parent=5802"}],"curies":[{"name":"wp","href":"https:\/\/api.w.org\/{rel}","templated":true}]}}