{"id":5794,"date":"2025-04-15T14:58:49","date_gmt":"2025-04-15T12:58:49","guid":{"rendered":"https:\/\/ocelove-rury.sk\/galerie\/"},"modified":"2025-05-17T18:22:50","modified_gmt":"2025-05-17T16:22:50","slug":"galerie","status":"publish","type":"page","link":"https:\/\/ocelove-rury.sk\/de\/galerie\/","title":{"rendered":"Galerie"},"content":{"rendered":"\t\t<div data-elementor-type=\"wp-page\" data-elementor-id=\"5794\" class=\"elementor elementor-5794\" data-elementor-post-type=\"page\">\n\t\t\t\t<div class=\"elementor-element elementor-element-af2281f e-flex e-con-boxed e-con e-parent\" data-id=\"af2281f\" data-element_type=\"container\" data-settings=\"{&quot;background_background&quot;:&quot;classic&quot;}\">\n\t\t\t\t\t<div class=\"e-con-inner\">\n\t\t<div class=\"elementor-element elementor-element-5ca832b e-con-full e-flex e-con e-child\" data-id=\"5ca832b\" data-element_type=\"container\">\n\t\t<div class=\"elementor-element elementor-element-a277121 e-con-full e-flex e-con e-child\" data-id=\"a277121\" data-element_type=\"container\">\n\t\t\t\t<div class=\"elementor-element elementor-element-204e750 elementor-widget elementor-widget-text-editor\" data-id=\"204e750\" data-element_type=\"widget\" data-widget_type=\"text-editor.default\">\n\t\t\t\t<div class=\"elementor-widget-container\">\n\t\t\t\t\t\t\t\t\t<p><a class=\"elementor-item\" href=\"https:\/\/ocelove-rury.sk\/\"><span style=\"color: #39cee9;\">Home<\/span><\/a>\u00a0 \u00a0 \u00a0 Galerie<\/p>\t\t\t\t\t\t\t\t<\/div>\n\t\t\t\t<\/div>\n\t\t\t\t<\/div>\n\t\t\t\t<\/div>\n\t\t\t\t\t<\/div>\n\t\t\t\t<\/div>\n\t\t<div class=\"elementor-element elementor-element-a25a8e3 e-flex e-con-boxed e-con e-parent\" data-id=\"a25a8e3\" data-element_type=\"container\" data-settings=\"{&quot;background_background&quot;:&quot;classic&quot;}\">\n\t\t\t\t\t<div class=\"e-con-inner\">\n\t\t<div class=\"elementor-element elementor-element-49d269a e-grid e-con-full e-con e-child\" data-id=\"49d269a\" data-element_type=\"container\">\n\t\t<a class=\"elementor-element elementor-element-6bf77d6 e-con-full e-flex e-con e-child\" data-id=\"6bf77d6\" data-element_type=\"container\" href=\"https:\/\/ocelove-rury.sk\/de\/buroraume\/\">\n\t\t\t\t<div class=\"elementor-element elementor-element-0c6513c elementor-widget elementor-widget-image\" data-id=\"0c6513c\" data-element_type=\"widget\" data-widget_type=\"image.default\">\n\t\t\t\t<div class=\"elementor-widget-container\">\n\t\t\t\t\t\t\t\t\t\t\t\t\t\t\t<img fetchpriority=\"high\" decoding=\"async\" width=\"480\" height=\"400\" src=\"https:\/\/ocelove-rury.sk\/wp-content\/uploads\/2025\/04\/image.jpg\" class=\"attachment-full size-full wp-image-602\" alt=\"Prima Steel Kancel\u00e1rske priestory\" srcset=\"https:\/\/ocelove-rury.sk\/wp-content\/uploads\/2025\/04\/image.jpg 480w, https:\/\/ocelove-rury.sk\/wp-content\/uploads\/2025\/04\/image-300x250.jpg 300w\" sizes=\"(max-width: 480px) 100vw, 480px\" \/>\t\t\t\t\t\t\t\t\t\t\t\t\t\t\t<\/div>\n\t\t\t\t<\/div>\n\t\t<div class=\"elementor-element elementor-element-a4e2906 e-con-full box e-flex e-con e-child\" data-id=\"a4e2906\" data-element_type=\"container\" data-settings=\"{&quot;background_background&quot;:&quot;classic&quot;}\">\n\t\t\t\t<div class=\"elementor-element elementor-element-c798616 elementor-widget elementor-widget-heading\" data-id=\"c798616\" data-element_type=\"widget\" data-widget_type=\"heading.default\">\n\t\t\t\t<div class=\"elementor-widget-container\">\n\t\t\t\t\t<h2 class=\"elementor-heading-title elementor-size-default\">B\u00fcroraume<\/h2>\t\t\t\t<\/div>\n\t\t\t\t<\/div>\n\t\t\t\t<div class=\"elementor-element elementor-element-cc82acc elementor-widget elementor-widget-heading\" data-id=\"cc82acc\" data-element_type=\"widget\" data-widget_type=\"heading.default\">\n\t\t\t\t<div class=\"elementor-widget-container\">\n\t\t\t\t\t<h2 class=\"elementor-heading-title elementor-size-default\">2<\/h2>\t\t\t\t<\/div>\n\t\t\t\t<\/div>\n\t\t\t\t<\/div>\n\t\t\t\t<\/a>\n\t\t<a class=\"elementor-element elementor-element-9dbcef2 e-con-full e-flex e-con e-child\" data-id=\"9dbcef2\" data-element_type=\"container\" href=\"https:\/\/ocelove-rury.sk\/de\/gelande-der-gesellschaft\/\">\n\t\t\t\t<div class=\"elementor-element elementor-element-9c49f9a elementor-widget elementor-widget-image\" data-id=\"9c49f9a\" data-element_type=\"widget\" data-widget_type=\"image.default\">\n\t\t\t\t<div class=\"elementor-widget-container\">\n\t\t\t\t\t\t\t\t\t\t\t\t\t\t\t<img decoding=\"async\" width=\"480\" height=\"400\" src=\"https:\/\/ocelove-rury.sk\/wp-content\/uploads\/2025\/04\/image-3.jpg\" class=\"attachment-large size-large wp-image-605\" alt=\"Hlavn\u00e1 budova Prima Steel\" srcset=\"https:\/\/ocelove-rury.sk\/wp-content\/uploads\/2025\/04\/image-3.jpg 480w, https:\/\/ocelove-rury.sk\/wp-content\/uploads\/2025\/04\/image-3-300x250.jpg 300w\" sizes=\"(max-width: 480px) 100vw, 480px\" \/>\t\t\t\t\t\t\t\t\t\t\t\t\t\t\t<\/div>\n\t\t\t\t<\/div>\n\t\t<div class=\"elementor-element elementor-element-396ef47 e-con-full box e-flex e-con e-child\" data-id=\"396ef47\" data-element_type=\"container\" data-settings=\"{&quot;background_background&quot;:&quot;classic&quot;}\">\n\t\t\t\t<div class=\"elementor-element elementor-element-99ca547 elementor-widget elementor-widget-heading\" data-id=\"99ca547\" data-element_type=\"widget\" data-widget_type=\"heading.default\">\n\t\t\t\t<div class=\"elementor-widget-container\">\n\t\t\t\t\t<h2 class=\"elementor-heading-title elementor-size-default\">Gel\u00e4nde der Gesellschaft<\/h2>\t\t\t\t<\/div>\n\t\t\t\t<\/div>\n\t\t\t\t<div class=\"elementor-element elementor-element-cdd34cd elementor-widget elementor-widget-heading\" data-id=\"cdd34cd\" data-element_type=\"widget\" data-widget_type=\"heading.default\">\n\t\t\t\t<div class=\"elementor-widget-container\">\n\t\t\t\t\t<h2 class=\"elementor-heading-title elementor-size-default\">3<\/h2>\t\t\t\t<\/div>\n\t\t\t\t<\/div>\n\t\t\t\t<\/div>\n\t\t\t\t<\/a>\n\t\t<a class=\"elementor-element elementor-element-eb4e9b4 e-con-full e-flex e-con e-child\" data-id=\"eb4e9b4\" data-element_type=\"container\" href=\"https:\/\/ocelove-rury.sk\/de\/lagerraume\/\">\n\t\t\t\t<div class=\"elementor-element elementor-element-ef8ec30 elementor-widget elementor-widget-image\" data-id=\"ef8ec30\" data-element_type=\"widget\" data-widget_type=\"image.default\">\n\t\t\t\t<div class=\"elementor-widget-container\">\n\t\t\t\t\t\t\t\t\t\t\t\t\t\t\t<img decoding=\"async\" width=\"480\" height=\"400\" src=\"https:\/\/ocelove-rury.sk\/wp-content\/uploads\/2025\/04\/image-4.jpg\" class=\"attachment-large size-large wp-image-604\" alt=\"Prima Steel\" srcset=\"https:\/\/ocelove-rury.sk\/wp-content\/uploads\/2025\/04\/image-4.jpg 480w, https:\/\/ocelove-rury.sk\/wp-content\/uploads\/2025\/04\/image-4-300x250.jpg 300w\" sizes=\"(max-width: 480px) 100vw, 480px\" \/>\t\t\t\t\t\t\t\t\t\t\t\t\t\t\t<\/div>\n\t\t\t\t<\/div>\n\t\t<div class=\"elementor-element elementor-element-95ba992 e-con-full box e-flex e-con e-child\" data-id=\"95ba992\" data-element_type=\"container\" data-settings=\"{&quot;background_background&quot;:&quot;classic&quot;}\">\n\t\t\t\t<div class=\"elementor-element elementor-element-4147947 elementor-widget elementor-widget-heading\" data-id=\"4147947\" data-element_type=\"widget\" data-widget_type=\"heading.default\">\n\t\t\t\t<div class=\"elementor-widget-container\">\n\t\t\t\t\t<h2 class=\"elementor-heading-title elementor-size-default\">Lagerr\u00e4ume<\/h2>\t\t\t\t<\/div>\n\t\t\t\t<\/div>\n\t\t\t\t<div class=\"elementor-element elementor-element-7c082b5 elementor-widget elementor-widget-heading\" data-id=\"7c082b5\" data-element_type=\"widget\" data-widget_type=\"heading.default\">\n\t\t\t\t<div class=\"elementor-widget-container\">\n\t\t\t\t\t<h2 class=\"elementor-heading-title elementor-size-default\">10<\/h2>\t\t\t\t<\/div>\n\t\t\t\t<\/div>\n\t\t\t\t<\/div>\n\t\t\t\t<\/a>\n\t\t<a class=\"elementor-element elementor-element-ae0613d e-con-full e-flex e-con e-child\" data-id=\"ae0613d\" data-element_type=\"container\" href=\"https:\/\/ocelove-rury.sk\/de\/neue-lagerraume\/\">\n\t\t\t\t<div class=\"elementor-element elementor-element-d2485c8 elementor-widget elementor-widget-image\" data-id=\"d2485c8\" data-element_type=\"widget\" data-widget_type=\"image.default\">\n\t\t\t\t<div class=\"elementor-widget-container\">\n\t\t\t\t\t\t\t\t\t\t\t\t\t\t\t<img loading=\"lazy\" decoding=\"async\" width=\"480\" height=\"400\" src=\"https:\/\/ocelove-rury.sk\/wp-content\/uploads\/2025\/04\/image-5.jpg\" class=\"attachment-large size-large wp-image-603\" alt=\"Prima Steel sklad\" srcset=\"https:\/\/ocelove-rury.sk\/wp-content\/uploads\/2025\/04\/image-5.jpg 480w, https:\/\/ocelove-rury.sk\/wp-content\/uploads\/2025\/04\/image-5-300x250.jpg 300w\" sizes=\"(max-width: 480px) 100vw, 480px\" \/>\t\t\t\t\t\t\t\t\t\t\t\t\t\t\t<\/div>\n\t\t\t\t<\/div>\n\t\t<div class=\"elementor-element elementor-element-880877e e-con-full box e-flex e-con e-child\" data-id=\"880877e\" data-element_type=\"container\" data-settings=\"{&quot;background_background&quot;:&quot;classic&quot;}\">\n\t\t\t\t<div class=\"elementor-element elementor-element-3b6f2ec elementor-widget elementor-widget-heading\" data-id=\"3b6f2ec\" data-element_type=\"widget\" data-widget_type=\"heading.default\">\n\t\t\t\t<div class=\"elementor-widget-container\">\n\t\t\t\t\t<h2 class=\"elementor-heading-title elementor-size-default\">Neue Lagerr\u00e4ume<\/h2>\t\t\t\t<\/div>\n\t\t\t\t<\/div>\n\t\t\t\t<div class=\"elementor-element elementor-element-e5adaea elementor-widget elementor-widget-heading\" data-id=\"e5adaea\" data-element_type=\"widget\" data-widget_type=\"heading.default\">\n\t\t\t\t<div class=\"elementor-widget-container\">\n\t\t\t\t\t<h2 class=\"elementor-heading-title elementor-size-default\">6<\/h2>\t\t\t\t<\/div>\n\t\t\t\t<\/div>\n\t\t\t\t<\/div>\n\t\t\t\t<\/a>\n\t\t\t\t<\/div>\n\t\t\t\t\t<\/div>\n\t\t\t\t<\/div>\n\t\t<div class=\"elementor-element elementor-element-508a99a9 e-flex e-con-boxed e-con e-parent\" data-id=\"508a99a9\" data-element_type=\"container\">\n\t\t\t\t\t<div class=\"e-con-inner\">\n\t\t<div class=\"elementor-element elementor-element-6e7cc856 e-con-full e-flex e-con e-child\" data-id=\"6e7cc856\" data-element_type=\"container\">\n\t\t<div class=\"elementor-element elementor-element-42490a89 e-con-full e-flex e-con e-child\" data-id=\"42490a89\" data-element_type=\"container\">\n\t\t\t\t<div class=\"elementor-element elementor-element-2d9d0d86 elementor-widget elementor-widget-heading\" data-id=\"2d9d0d86\" data-element_type=\"widget\" data-widget_type=\"heading.default\">\n\t\t\t\t<div class=\"elementor-widget-container\">\n\t\t\t\t\t<h2 class=\"elementor-heading-title elementor-size-default\">Warum wir?<\/h2>\t\t\t\t<\/div>\n\t\t\t\t<\/div>\n\t\t<div class=\"elementor-element elementor-element-2106278a e-grid e-con-full e-con e-child\" data-id=\"2106278a\" data-element_type=\"container\">\n\t\t<div class=\"elementor-element elementor-element-1b8a8690 e-con-full e-flex e-con e-child\" data-id=\"1b8a8690\" data-element_type=\"container\">\n\t\t\t\t<div class=\"elementor-element elementor-element-265a0808 elementor-widget elementor-widget-image\" data-id=\"265a0808\" data-element_type=\"widget\" data-widget_type=\"image.default\">\n\t\t\t\t<div class=\"elementor-widget-container\">\n\t\t\t\t\t\t\t\t\t\t\t\t\t\t\t<img loading=\"lazy\" decoding=\"async\" width=\"70\" height=\"70\" src=\"https:\/\/ocelove-rury.sk\/wp-content\/uploads\/2025\/05\/image-6.png\" class=\"attachment-large size-large wp-image-5753\" alt=\"\" \/>\t\t\t\t\t\t\t\t\t\t\t\t\t\t\t<\/div>\n\t\t\t\t<\/div>\n\t\t\t\t<div class=\"elementor-element elementor-element-149d71 elementor-widget elementor-widget-text-editor\" data-id=\"149d71\" data-element_type=\"widget\" data-widget_type=\"text-editor.default\">\n\t\t\t\t<div class=\"elementor-widget-container\">\n\t\t\t\t\t\t\t\t\t<p>Neben dem Direktverkauf, <strong>bieten<\/strong> wir eine Reihe von zus\u00e4tzlichen Diensten, einschlie\u00dflich des <strong>Versandes<\/strong> an einen anderen Bestimmungsort <strong>in der Slowakischen Republik<\/strong>, fachliche und technische Beratung, Vertrieb von Waren und eine individuelle Einstellung an.<\/p>\t\t\t\t\t\t\t\t<\/div>\n\t\t\t\t<\/div>\n\t\t\t\t<\/div>\n\t\t<div class=\"elementor-element elementor-element-792f62bf e-con-full e-flex e-con e-child\" data-id=\"792f62bf\" data-element_type=\"container\">\n\t\t\t\t<div class=\"elementor-element elementor-element-12c78d17 elementor-widget elementor-widget-image\" data-id=\"12c78d17\" data-element_type=\"widget\" data-widget_type=\"image.default\">\n\t\t\t\t<div class=\"elementor-widget-container\">\n\t\t\t\t\t\t\t\t\t\t\t\t\t\t\t<img loading=\"lazy\" decoding=\"async\" width=\"70\" height=\"70\" src=\"https:\/\/ocelove-rury.sk\/wp-content\/uploads\/2025\/05\/image-7.png\" class=\"attachment-large size-large wp-image-5756\" alt=\"\" \/>\t\t\t\t\t\t\t\t\t\t\t\t\t\t\t<\/div>\n\t\t\t\t<\/div>\n\t\t\t\t<div class=\"elementor-element elementor-element-16bb075e elementor-widget elementor-widget-text-editor\" data-id=\"16bb075e\" data-element_type=\"widget\" data-widget_type=\"text-editor.default\">\n\t\t\t\t<div class=\"elementor-widget-container\">\n\t\t\t\t\t\t\t\t\t<p><strong>Die Waren<\/strong>\u00a0werden an das Lager\u00a0<strong>durch die Eingangskontrolle<\/strong> der Lagerarbeiter empfangen,\u00a0 <strong>markiert und f\u00fcr die Ausgabe<\/strong> zu den Kunden gelagert.<\/p>\t\t\t\t\t\t\t\t<\/div>\n\t\t\t\t<\/div>\n\t\t\t\t<\/div>\n\t\t<div class=\"elementor-element elementor-element-1ec91b80 e-con-full e-flex e-con e-child\" data-id=\"1ec91b80\" data-element_type=\"container\">\n\t\t\t\t<div class=\"elementor-element elementor-element-3690fdc7 elementor-widget elementor-widget-image\" data-id=\"3690fdc7\" data-element_type=\"widget\" data-widget_type=\"image.default\">\n\t\t\t\t<div class=\"elementor-widget-container\">\n\t\t\t\t\t\t\t\t\t\t\t\t\t\t\t<img loading=\"lazy\" decoding=\"async\" width=\"70\" height=\"70\" src=\"https:\/\/ocelove-rury.sk\/wp-content\/uploads\/2025\/05\/image-8.png\" class=\"attachment-large size-large wp-image-5759\" alt=\"\" \/>\t\t\t\t\t\t\t\t\t\t\t\t\t\t\t<\/div>\n\t\t\t\t<\/div>\n\t\t\t\t<div class=\"elementor-element elementor-element-2a25f5a2 elementor-widget elementor-widget-text-editor\" data-id=\"2a25f5a2\" data-element_type=\"widget\" data-widget_type=\"text-editor.default\">\n\t\t\t\t<div class=\"elementor-widget-container\">\n\t\t\t\t\t\t\t\t\t<div class=\"row\"><div class=\"col-md-4\">Wir arbeiten nach\u00a0<strong>ISO 9001: 2009<\/strong>\u00a0Qualit\u00e4tsmanagement-System,\u00a0<strong>das hohe Niveau der Organisation der internen Beziehungen in unserer Gesellschaft best<\/strong><strong>\u00e4<\/strong><strong>tigt,<\/strong> die notwendig sind um die Bed\u00fcrfnisse unseren Kunden zu erf\u00fclen.<\/div><\/div>\t\t\t\t\t\t\t\t<\/div>\n\t\t\t\t<\/div>\n\t\t\t\t<\/div>\n\t\t\t\t<\/div>\n\t\t\t\t<\/div>\n\t\t\t\t<\/div>\n\t\t\t\t\t<\/div>\n\t\t\t\t<\/div>\n\t\t<div class=\"elementor-element elementor-element-70ea2cc1 e-flex e-con-boxed e-con e-parent\" data-id=\"70ea2cc1\" data-element_type=\"container\">\n\t\t\t\t\t<div class=\"e-con-inner\">\n\t\t<div class=\"elementor-element elementor-element-5c087870 e-con-full e-flex e-con e-child\" data-id=\"5c087870\" data-element_type=\"container\">\n\t\t<a class=\"elementor-element elementor-element-5a63bb51 e-con-full e-flex e-con e-child\" data-id=\"5a63bb51\" data-element_type=\"container\" data-settings=\"{&quot;background_background&quot;:&quot;classic&quot;}\" href=\"#top\">\n\t\t\t\t<\/a>\n\t\t\t\t<div class=\"elementor-element elementor-element-4fadb319 elementor-widget elementor-widget-text-editor\" data-id=\"4fadb319\" data-element_type=\"widget\" data-widget_type=\"text-editor.default\">\n\t\t\t\t<div class=\"elementor-widget-container\">\n\t\t\t\t\t\t\t\t\t<p>Adresse: Vodn\u00e9 dielo Kr\u00e1\u013eov\u00e1 622, Kr\u00e1\u013eov\u00e1 n. V\u00e1hom | Tel.: 031 \/ 780 2241 | email: <a href=\"mailto:office@primasteel.sk\">office@primasteel.sk<\/a><\/p>\t\t\t\t\t\t\t\t<\/div>\n\t\t\t\t<\/div>\n\t\t\t\t<div class=\"elementor-element elementor-element-5c77671d elementor-widget-divider--view-line elementor-widget elementor-widget-divider\" data-id=\"5c77671d\" data-element_type=\"widget\" data-widget_type=\"divider.default\">\n\t\t\t\t<div class=\"elementor-widget-container\">\n\t\t\t\t\t\t\t<div class=\"elementor-divider\">\n\t\t\t<span class=\"elementor-divider-separator\">\n\t\t\t\t\t\t<\/span>\n\t\t<\/div>\n\t\t\t\t\t\t<\/div>\n\t\t\t\t<\/div>\n\t\t\t\t<div class=\"elementor-element elementor-element-a430b9a elementor-widget elementor-widget-text-editor\" data-id=\"a430b9a\" data-element_type=\"widget\" data-widget_type=\"text-editor.default\">\n\t\t\t\t<div class=\"elementor-widget-container\">\n\t\t\t\t\t\t\t\t\t<p>Entworfen und entwickelt <a href=\"https:\/\/magicmedia.sk\/\">Magic media<\/a> 2025<\/p>\t\t\t\t\t\t\t\t<\/div>\n\t\t\t\t<\/div>\n\t\t\t\t<\/div>\n\t\t\t\t\t<\/div>\n\t\t\t\t<\/div>\n\t\t\t\t<\/div>\n\t\t","protected":false},"excerpt":{"rendered":"<p>Home\u00a0 \u00a0 \u00a0 Galerie B\u00fcroraume 2 Gel\u00e4nde der Gesellschaft 3 Lagerr\u00e4ume 10 Neue Lagerr\u00e4ume 6 Warum wir? Neben dem Direktverkauf, bieten wir eine Reihe von zus\u00e4tzlichen Diensten, einschlie\u00dflich des Versandes an einen anderen Bestimmungsort in der Slowakischen Republik, fachliche und technische Beratung, Vertrieb von Waren und eine individuelle Einstellung an. Die Waren\u00a0werden an das Lager\u00a0durch [&hellip;]<\/p>\n","protected":false},"author":2,"featured_media":0,"parent":0,"menu_order":0,"comment_status":"closed","ping_status":"closed","template":"","meta":{"footnotes":""},"class_list":["post-5794","page","type-page","status-publish","hentry"],"yoast_head":"<!-- This site is optimized with the Yoast SEO plugin v27.5 - https:\/\/yoast.com\/product\/yoast-seo-wordpress\/ -->\n<title>Galerie - PRIMA STEEL - oce\u013eov\u00e9 r\u00fary a pr\u00edslu\u0161enstvo<\/title>\n<meta name=\"robots\" content=\"index, follow, max-snippet:-1, max-image-preview:large, max-video-preview:-1\" \/>\n<link rel=\"canonical\" href=\"https:\/\/ocelove-rury.sk\/de\/galerie\/\" \/>\n<meta property=\"og:locale\" content=\"de_DE\" \/>\n<meta property=\"og:type\" content=\"article\" \/>\n<meta property=\"og:title\" content=\"Galerie - PRIMA STEEL - oce\u013eov\u00e9 r\u00fary a pr\u00edslu\u0161enstvo\" \/>\n<meta property=\"og:description\" content=\"Home\u00a0 \u00a0 \u00a0 Galerie B\u00fcroraume 2 Gel\u00e4nde der Gesellschaft 3 Lagerr\u00e4ume 10 Neue Lagerr\u00e4ume 6 Warum wir? Neben dem Direktverkauf, bieten wir eine Reihe von zus\u00e4tzlichen Diensten, einschlie\u00dflich des Versandes an einen anderen Bestimmungsort in der Slowakischen Republik, fachliche und technische Beratung, Vertrieb von Waren und eine individuelle Einstellung an. Die Waren\u00a0werden an das Lager\u00a0durch [&hellip;]\" \/>\n<meta property=\"og:url\" content=\"https:\/\/ocelove-rury.sk\/de\/galerie\/\" \/>\n<meta property=\"og:site_name\" content=\"PRIMA STEEL - oce\u013eov\u00e9 r\u00fary a pr\u00edslu\u0161enstvo\" \/>\n<meta property=\"article:modified_time\" content=\"2025-05-17T16:22:50+00:00\" \/>\n<meta property=\"og:image\" content=\"https:\/\/ocelove-rury.sk\/wp-content\/uploads\/2025\/04\/image.jpg\" \/>\n<meta name=\"twitter:card\" content=\"summary_large_image\" \/>\n<meta name=\"twitter:label1\" content=\"Gesch\u00e4tzte Lesezeit\" \/>\n\t<meta name=\"twitter:data1\" content=\"1\u00a0Minute\" \/>\n<script type=\"application\/ld+json\" class=\"yoast-schema-graph\">{\"@context\":\"https:\\\/\\\/schema.org\",\"@graph\":[{\"@type\":\"WebPage\",\"@id\":\"https:\\\/\\\/ocelove-rury.sk\\\/de\\\/galerie\\\/\",\"url\":\"https:\\\/\\\/ocelove-rury.sk\\\/de\\\/galerie\\\/\",\"name\":\"Galerie - PRIMA STEEL - oce\u013eov\u00e9 r\u00fary a pr\u00edslu\u0161enstvo\",\"isPartOf\":{\"@id\":\"https:\\\/\\\/ocelove-rury.sk\\\/#website\"},\"primaryImageOfPage\":{\"@id\":\"https:\\\/\\\/ocelove-rury.sk\\\/de\\\/galerie\\\/#primaryimage\"},\"image\":{\"@id\":\"https:\\\/\\\/ocelove-rury.sk\\\/de\\\/galerie\\\/#primaryimage\"},\"thumbnailUrl\":\"https:\\\/\\\/ocelove-rury.sk\\\/wp-content\\\/uploads\\\/2025\\\/04\\\/image.jpg\",\"datePublished\":\"2025-04-15T12:58:49+00:00\",\"dateModified\":\"2025-05-17T16:22:50+00:00\",\"breadcrumb\":{\"@id\":\"https:\\\/\\\/ocelove-rury.sk\\\/de\\\/galerie\\\/#breadcrumb\"},\"inLanguage\":\"de\",\"potentialAction\":[{\"@type\":\"ReadAction\",\"target\":[\"https:\\\/\\\/ocelove-rury.sk\\\/de\\\/galerie\\\/\"]}]},{\"@type\":\"ImageObject\",\"inLanguage\":\"de\",\"@id\":\"https:\\\/\\\/ocelove-rury.sk\\\/de\\\/galerie\\\/#primaryimage\",\"url\":\"https:\\\/\\\/ocelove-rury.sk\\\/wp-content\\\/uploads\\\/2025\\\/04\\\/image.jpg\",\"contentUrl\":\"https:\\\/\\\/ocelove-rury.sk\\\/wp-content\\\/uploads\\\/2025\\\/04\\\/image.jpg\"},{\"@type\":\"BreadcrumbList\",\"@id\":\"https:\\\/\\\/ocelove-rury.sk\\\/de\\\/galerie\\\/#breadcrumb\",\"itemListElement\":[{\"@type\":\"ListItem\",\"position\":1,\"name\":\"Domovsk\u00e1 str\u00e1nka\",\"item\":\"https:\\\/\\\/ocelove-rury.sk\\\/de\\\/\"},{\"@type\":\"ListItem\",\"position\":2,\"name\":\"Galerie\"}]},{\"@type\":\"WebSite\",\"@id\":\"https:\\\/\\\/ocelove-rury.sk\\\/#website\",\"url\":\"https:\\\/\\\/ocelove-rury.sk\\\/\",\"name\":\"Prima Steel - oce\u013eov\u00e9 r\u00fary a pr\u00edslu\u0161enstvo\",\"description\":\"Oce\u013eov\u00e9 r\u00fary a pr\u00edslu\u0161enstvo\",\"publisher\":{\"@id\":\"https:\\\/\\\/ocelove-rury.sk\\\/#organization\"},\"alternateName\":\"Prima Steel, s.r.o.\",\"potentialAction\":[{\"@type\":\"SearchAction\",\"target\":{\"@type\":\"EntryPoint\",\"urlTemplate\":\"https:\\\/\\\/ocelove-rury.sk\\\/?s={search_term_string}\"},\"query-input\":{\"@type\":\"PropertyValueSpecification\",\"valueRequired\":true,\"valueName\":\"search_term_string\"}}],\"inLanguage\":\"de\"},{\"@type\":\"Organization\",\"@id\":\"https:\\\/\\\/ocelove-rury.sk\\\/#organization\",\"name\":\"PRIMA STEEL s.r.o.\",\"url\":\"https:\\\/\\\/ocelove-rury.sk\\\/\",\"logo\":{\"@type\":\"ImageObject\",\"inLanguage\":\"de\",\"@id\":\"https:\\\/\\\/ocelove-rury.sk\\\/#\\\/schema\\\/logo\\\/image\\\/\",\"url\":\"https:\\\/\\\/ocelove-rury.sk\\\/wp-content\\\/uploads\\\/2025\\\/06\\\/Prima_Steel_logo_-scaled.png\",\"contentUrl\":\"https:\\\/\\\/ocelove-rury.sk\\\/wp-content\\\/uploads\\\/2025\\\/06\\\/Prima_Steel_logo_-scaled.png\",\"width\":2560,\"height\":2560,\"caption\":\"PRIMA STEEL s.r.o.\"},\"image\":{\"@id\":\"https:\\\/\\\/ocelove-rury.sk\\\/#\\\/schema\\\/logo\\\/image\\\/\"}}]}<\/script>\n<!-- \/ Yoast SEO plugin. -->","yoast_head_json":{"title":"Galerie - PRIMA STEEL - oce\u013eov\u00e9 r\u00fary a pr\u00edslu\u0161enstvo","robots":{"index":"index","follow":"follow","max-snippet":"max-snippet:-1","max-image-preview":"max-image-preview:large","max-video-preview":"max-video-preview:-1"},"canonical":"https:\/\/ocelove-rury.sk\/de\/galerie\/","og_locale":"de_DE","og_type":"article","og_title":"Galerie - PRIMA STEEL - oce\u013eov\u00e9 r\u00fary a pr\u00edslu\u0161enstvo","og_description":"Home\u00a0 \u00a0 \u00a0 Galerie B\u00fcroraume 2 Gel\u00e4nde der Gesellschaft 3 Lagerr\u00e4ume 10 Neue Lagerr\u00e4ume 6 Warum wir? Neben dem Direktverkauf, bieten wir eine Reihe von zus\u00e4tzlichen Diensten, einschlie\u00dflich des Versandes an einen anderen Bestimmungsort in der Slowakischen Republik, fachliche und technische Beratung, Vertrieb von Waren und eine individuelle Einstellung an. Die Waren\u00a0werden an das Lager\u00a0durch [&hellip;]","og_url":"https:\/\/ocelove-rury.sk\/de\/galerie\/","og_site_name":"PRIMA STEEL - oce\u013eov\u00e9 r\u00fary a pr\u00edslu\u0161enstvo","article_modified_time":"2025-05-17T16:22:50+00:00","og_image":[{"url":"https:\/\/ocelove-rury.sk\/wp-content\/uploads\/2025\/04\/image.jpg","type":"","width":"","height":""}],"twitter_card":"summary_large_image","twitter_misc":{"Gesch\u00e4tzte Lesezeit":"1\u00a0Minute"},"schema":{"@context":"https:\/\/schema.org","@graph":[{"@type":"WebPage","@id":"https:\/\/ocelove-rury.sk\/de\/galerie\/","url":"https:\/\/ocelove-rury.sk\/de\/galerie\/","name":"Galerie - PRIMA STEEL - oce\u013eov\u00e9 r\u00fary a pr\u00edslu\u0161enstvo","isPartOf":{"@id":"https:\/\/ocelove-rury.sk\/#website"},"primaryImageOfPage":{"@id":"https:\/\/ocelove-rury.sk\/de\/galerie\/#primaryimage"},"image":{"@id":"https:\/\/ocelove-rury.sk\/de\/galerie\/#primaryimage"},"thumbnailUrl":"https:\/\/ocelove-rury.sk\/wp-content\/uploads\/2025\/04\/image.jpg","datePublished":"2025-04-15T12:58:49+00:00","dateModified":"2025-05-17T16:22:50+00:00","breadcrumb":{"@id":"https:\/\/ocelove-rury.sk\/de\/galerie\/#breadcrumb"},"inLanguage":"de","potentialAction":[{"@type":"ReadAction","target":["https:\/\/ocelove-rury.sk\/de\/galerie\/"]}]},{"@type":"ImageObject","inLanguage":"de","@id":"https:\/\/ocelove-rury.sk\/de\/galerie\/#primaryimage","url":"https:\/\/ocelove-rury.sk\/wp-content\/uploads\/2025\/04\/image.jpg","contentUrl":"https:\/\/ocelove-rury.sk\/wp-content\/uploads\/2025\/04\/image.jpg"},{"@type":"BreadcrumbList","@id":"https:\/\/ocelove-rury.sk\/de\/galerie\/#breadcrumb","itemListElement":[{"@type":"ListItem","position":1,"name":"Domovsk\u00e1 str\u00e1nka","item":"https:\/\/ocelove-rury.sk\/de\/"},{"@type":"ListItem","position":2,"name":"Galerie"}]},{"@type":"WebSite","@id":"https:\/\/ocelove-rury.sk\/#website","url":"https:\/\/ocelove-rury.sk\/","name":"Prima Steel - oce\u013eov\u00e9 r\u00fary a pr\u00edslu\u0161enstvo","description":"Oce\u013eov\u00e9 r\u00fary a pr\u00edslu\u0161enstvo","publisher":{"@id":"https:\/\/ocelove-rury.sk\/#organization"},"alternateName":"Prima Steel, s.r.o.","potentialAction":[{"@type":"SearchAction","target":{"@type":"EntryPoint","urlTemplate":"https:\/\/ocelove-rury.sk\/?s={search_term_string}"},"query-input":{"@type":"PropertyValueSpecification","valueRequired":true,"valueName":"search_term_string"}}],"inLanguage":"de"},{"@type":"Organization","@id":"https:\/\/ocelove-rury.sk\/#organization","name":"PRIMA STEEL s.r.o.","url":"https:\/\/ocelove-rury.sk\/","logo":{"@type":"ImageObject","inLanguage":"de","@id":"https:\/\/ocelove-rury.sk\/#\/schema\/logo\/image\/","url":"https:\/\/ocelove-rury.sk\/wp-content\/uploads\/2025\/06\/Prima_Steel_logo_-scaled.png","contentUrl":"https:\/\/ocelove-rury.sk\/wp-content\/uploads\/2025\/06\/Prima_Steel_logo_-scaled.png","width":2560,"height":2560,"caption":"PRIMA STEEL s.r.o."},"image":{"@id":"https:\/\/ocelove-rury.sk\/#\/schema\/logo\/image\/"}}]}},"_links":{"self":[{"href":"https:\/\/ocelove-rury.sk\/de\/wp-json\/wp\/v2\/pages\/5794","targetHints":{"allow":["GET"]}}],"collection":[{"href":"https:\/\/ocelove-rury.sk\/de\/wp-json\/wp\/v2\/pages"}],"about":[{"href":"https:\/\/ocelove-rury.sk\/de\/wp-json\/wp\/v2\/types\/page"}],"author":[{"embeddable":true,"href":"https:\/\/ocelove-rury.sk\/de\/wp-json\/wp\/v2\/users\/2"}],"replies":[{"embeddable":true,"href":"https:\/\/ocelove-rury.sk\/de\/wp-json\/wp\/v2\/comments?post=5794"}],"version-history":[{"count":20,"href":"https:\/\/ocelove-rury.sk\/de\/wp-json\/wp\/v2\/pages\/5794\/revisions"}],"predecessor-version":[{"id":6472,"href":"https:\/\/ocelove-rury.sk\/de\/wp-json\/wp\/v2\/pages\/5794\/revisions\/6472"}],"wp:attachment":[{"href":"https:\/\/ocelove-rury.sk\/de\/wp-json\/wp\/v2\/media?parent=5794"}],"curies":[{"name":"wp","href":"https:\/\/api.w.org\/{rel}","templated":true}]}}